{"id":85,"date":"2024-08-22T17:42:10","date_gmt":"2024-08-22T17:42:10","guid":{"rendered":"https:\/\/experiencingporto.com\/?page_id=85"},"modified":"2025-09-25T15:12:00","modified_gmt":"2025-09-25T15:12:00","slug":"catch-and-cook","status":"publish","type":"page","link":"https:\/\/experiencingporto.com\/es\/catch-and-cook\/","title":{"rendered":"Catch and Cook en Porto de Galinhas \u2013 Pescar y cocinar a la orilla del r\u00edo"},"content":{"rendered":"<div class=\"wp-block-buttons is-layout-flex wp-block-buttons-is-layout-flex\">\n<div class=\"wp-block-button\"><a class=\"wp-block-button__link wp-element-button\" href=\"https:\/\/wa.me\/message\/L6DO4T6ZZ7BFP1\">Reserve ahora por WhatsApp<\/a><\/div>\n<\/div>\n\n\n\n<div class=\"nfd-container wp-block-group alignfull is-layout-constrained wp-container-core-group-is-layout-346627ba wp-block-group-is-layout-constrained\">\n<div class=\"nfd-container nfd-text-md wp-block-group alignfull is-layout-constrained wp-container-core-group-is-layout-346627ba wp-block-group-is-layout-constrained\">\n<div class=\"nfd-max-w-prose wp-block-group is-vertical is-content-justification-left is-layout-flex wp-container-core-group-is-layout-dd225191 wp-block-group-is-layout-flex\">\n<p class=\"\">El <strong>Catch &amp; Cook <\/strong>(coletar e cozinhar) \u00e9 uma experi\u00eancia culin\u00e1ria que une pesca, natureza e gastronomia local. A viv\u00eancia come\u00e7a na trilha de Oiteiro (caminho tradicional usado h\u00e1 gera\u00e7\u00f5es por coletores de caranguejo e mariscos), onde, guiados por um pescador nativo e bi\u00f3logo, os participantes aprendem t\u00e9cnicas simples de pesca e coleta de mariscos.<\/p>\n\n\n\n<p class=\"\">Depois da atividade, tudo \u00e9 preparado e compartilhado em um ambiente descontra\u00eddo \u00e0 beira do rio. Voc\u00ea aprende receitas t\u00edpicas, descobre segredos da culin\u00e1ria regional e saboreia pratos frescos que carregam a identidade de Porto de Galinhas.<\/p>\n\n\n\n<div class=\"nfd-container nfd-wb-gallery__gallery-5 nfd-bg-surface nfd-theme-white is-style-nfd-theme-white wp-block-group is-layout-constrained wp-block-group-is-layout-constrained\">\n<figure class=\"wp-block-gallery has-nested-images columns-default is-cropped wp-block-gallery-1 is-layout-flex wp-block-gallery-is-layout-flex\">\n<figure class=\"nfd-w-full is-style-default wp-block-image size-large\"><img data-recalc-dims=\"1\" loading=\"lazy\" decoding=\"async\" width=\"1024\" height=\"576\" data-id=\"117\" src=\"https:\/\/i0.wp.com\/experiencingporto.com\/wp-content\/uploads\/2024\/09\/WhatsApp-Image-2024-09-10-at-15.26.31.jpeg?resize=1024%2C576&#038;ssl=1\" alt=\"\" class=\"wp-image-117\" style=\"aspect-ratio:3\/2;object-fit:cover\" srcset=\"https:\/\/i0.wp.com\/experiencingporto.com\/wp-content\/uploads\/2024\/09\/WhatsApp-Image-2024-09-10-at-15.26.31.jpeg?resize=1024%2C576&amp;ssl=1 1024w, https:\/\/i0.wp.com\/experiencingporto.com\/wp-content\/uploads\/2024\/09\/WhatsApp-Image-2024-09-10-at-15.26.31.jpeg?resize=300%2C169&amp;ssl=1 300w, https:\/\/i0.wp.com\/experiencingporto.com\/wp-content\/uploads\/2024\/09\/WhatsApp-Image-2024-09-10-at-15.26.31.jpeg?resize=768%2C432&amp;ssl=1 768w, https:\/\/i0.wp.com\/experiencingporto.com\/wp-content\/uploads\/2024\/09\/WhatsApp-Image-2024-09-10-at-15.26.31.jpeg?resize=1536%2C864&amp;ssl=1 1536w, https:\/\/i0.wp.com\/experiencingporto.com\/wp-content\/uploads\/2024\/09\/WhatsApp-Image-2024-09-10-at-15.26.31.jpeg?w=1600&amp;ssl=1 1600w\" sizes=\"auto, (max-width: 1000px) 100vw, 1000px\" \/><\/figure>\n\n\n\n<figure class=\"wp-block-image size-large\"><img data-recalc-dims=\"1\" loading=\"lazy\" decoding=\"async\" width=\"576\" height=\"1024\" data-id=\"116\" src=\"https:\/\/i0.wp.com\/experiencingporto.com\/wp-content\/uploads\/2024\/09\/WhatsApp-Image-2024-09-10-at-15.26.31-2.jpeg?resize=576%2C1024&#038;ssl=1\" alt=\"\" class=\"wp-image-116\" srcset=\"https:\/\/i0.wp.com\/experiencingporto.com\/wp-content\/uploads\/2024\/09\/WhatsApp-Image-2024-09-10-at-15.26.31-2.jpeg?resize=576%2C1024&amp;ssl=1 576w, https:\/\/i0.wp.com\/experiencingporto.com\/wp-content\/uploads\/2024\/09\/WhatsApp-Image-2024-09-10-at-15.26.31-2.jpeg?resize=169%2C300&amp;ssl=1 169w, https:\/\/i0.wp.com\/experiencingporto.com\/wp-content\/uploads\/2024\/09\/WhatsApp-Image-2024-09-10-at-15.26.31-2.jpeg?resize=768%2C1365&amp;ssl=1 768w, https:\/\/i0.wp.com\/experiencingporto.com\/wp-content\/uploads\/2024\/09\/WhatsApp-Image-2024-09-10-at-15.26.31-2.jpeg?resize=864%2C1536&amp;ssl=1 864w, https:\/\/i0.wp.com\/experiencingporto.com\/wp-content\/uploads\/2024\/09\/WhatsApp-Image-2024-09-10-at-15.26.31-2.jpeg?w=900&amp;ssl=1 900w\" sizes=\"auto, (max-width: 576px) 100vw, 576px\" \/><\/figure>\n\n\n\n<figure class=\"wp-block-image size-large\"><img data-recalc-dims=\"1\" loading=\"lazy\" decoding=\"async\" width=\"576\" height=\"1024\" data-id=\"115\" src=\"https:\/\/i0.wp.com\/experiencingporto.com\/wp-content\/uploads\/2024\/09\/WhatsApp-Image-2024-09-10-at-15.26.28.jpeg?resize=576%2C1024&#038;ssl=1\" alt=\"\" class=\"wp-image-115\" srcset=\"https:\/\/i0.wp.com\/experiencingporto.com\/wp-content\/uploads\/2024\/09\/WhatsApp-Image-2024-09-10-at-15.26.28.jpeg?resize=576%2C1024&amp;ssl=1 576w, https:\/\/i0.wp.com\/experiencingporto.com\/wp-content\/uploads\/2024\/09\/WhatsApp-Image-2024-09-10-at-15.26.28.jpeg?resize=169%2C300&amp;ssl=1 169w, https:\/\/i0.wp.com\/experiencingporto.com\/wp-content\/uploads\/2024\/09\/WhatsApp-Image-2024-09-10-at-15.26.28.jpeg?resize=768%2C1365&amp;ssl=1 768w, https:\/\/i0.wp.com\/experiencingporto.com\/wp-content\/uploads\/2024\/09\/WhatsApp-Image-2024-09-10-at-15.26.28.jpeg?resize=864%2C1536&amp;ssl=1 864w, https:\/\/i0.wp.com\/experiencingporto.com\/wp-content\/uploads\/2024\/09\/WhatsApp-Image-2024-09-10-at-15.26.28.jpeg?w=900&amp;ssl=1 900w\" sizes=\"auto, (max-width: 576px) 100vw, 576px\" \/><\/figure>\n<\/figure>\n<\/div>\n\n\n\n<h3 class=\"wp-block-heading\">\ud83d\udccd Detalles del recorrido<\/h3>\n\n\n\n<ul class=\"wp-block-list\">\n<li class=\"\">Salida: Porto de Galinhas.<\/li>\n\n\n\n<li class=\"\">Local: estuario de Maraca\u00edpe.<\/li>\n\n\n\n<li class=\"\">Horario: marea baja.<\/li>\n<\/ul>\n\n\n\n<h3 class=\"wp-block-heading\">\ud83c\udf92 Qu\u00e9 est\u00e1 incluido<\/h3>\n\n\n\n<ul class=\"wp-block-list\">\n<li class=\"\">Materiales de preparaci\u00f3n.<\/li>\n\n\n\n<li class=\"\">Condimentos y utensilios.<\/li>\n\n\n\n<li class=\"\">Orientaci\u00f3n y acompa\u00f1amiento durante toda la experiencia.<\/li>\n<\/ul>\n\n\n\n<h3 class=\"wp-block-heading\">\ud83d\udcac Mucho m\u00e1s que comida<\/h3>\n\n\n\n<p class=\"\">Durante la recolecci\u00f3n y la preparaci\u00f3n conversamos sobre:<\/p>\n\n\n\n<ul class=\"wp-block-list\">\n<li class=\"\">La ancestralidad y la cultura pesquera.<\/li>\n\n\n\n<li class=\"\">Los aspectos ambientales de la regi\u00f3n.<\/li>\n\n\n\n<li class=\"\">La relaci\u00f3n entre alimento, historia y comunidad.<\/li>\n<\/ul>\n\n\n\n<h3 class=\"wp-block-heading\">\ud83d\udcb0 Valores y reservas<\/h3>\n\n\n\n<ul class=\"wp-block-list\">\n<li class=\"\">R$ 120 por persona.<\/li>\n\n\n\n<li class=\"\">Reserva con 50% del valor anticipado.<\/li>\n\n\n\n<li class=\"\">Pago v\u00eda Pix, transferencia o efectivo.<\/li>\n\n\n\n<li class=\"\">Cancelaci\u00f3n: sin reembolso, pero se puede reprogramar siempre que no afecte las reservas de terceros.<\/li>\n<\/ul>\n<\/div>\n<\/div>\n\n\n\n<div class=\"nfd-container nfd-text-md wp-block-group is-layout-constrained wp-block-group-is-layout-constrained\">\n<div class=\"wp-block-buttons is-layout-flex wp-block-buttons-is-layout-flex\">\n<div class=\"wp-block-button\"><a class=\"wp-block-button__link wp-element-button\" href=\"https:\/\/wa.me\/message\/L6DO4T6ZZ7BFP1\">Reserve ahora por WhatsApp<\/a><\/div>\n<\/div>\n<\/div>\n<\/div>\n\n\n\n<p class=\"\"><\/p>","protected":false},"excerpt":{"rendered":"<p>O Catch &amp; Cook (coletar e cozinhar) \u00e9 uma experi\u00eancia culin\u00e1ria que une pesca, natureza e gastronomia local. A viv\u00eancia come\u00e7a na trilha de Oiteiro (caminho tradicional usado h\u00e1 gera\u00e7\u00f5es por coletores de caranguejo e mariscos), onde, guiados por um pescador nativo e bi\u00f3logo, os participantes aprendem t\u00e9cnicas simples de pesca e coleta de mariscos. [&hellip;]<\/p>\n","protected":false},"author":1,"featured_media":196,"parent":0,"menu_order":0,"comment_status":"closed","ping_status":"closed","template":"","meta":{"nf_dc_page":"","om_disable_all_campaigns":false,"footnotes":""},"class_list":["post-85","page","type-page","status-publish","has-post-thumbnail","hentry"],"yoast_head":"<!-- This site is optimized with the Yoast SEO plugin v27.6 - https:\/\/yoast.com\/product\/yoast-seo-wordpress\/ -->\n<title>Catch and Cook em Porto de Galinhas<\/title>\n<meta name=\"description\" content=\"Experi\u00eancia Catch and Cook em Porto de Galinhas: pescar, cozinhar e saborear em meio \u00e0 cultura local e \u00e0 beira do rio.\" \/>\n<meta name=\"robots\" content=\"index, follow, max-snippet:-1, max-image-preview:large, max-video-preview:-1\" \/>\n<link rel=\"canonical\" href=\"https:\/\/experiencingporto.com\/es\/catch-and-cook\/\" \/>\n<meta property=\"og:locale\" content=\"es_ES\" \/>\n<meta property=\"og:type\" content=\"article\" \/>\n<meta property=\"og:title\" content=\"Catch and Cook em Porto de Galinhas\" \/>\n<meta property=\"og:description\" content=\"Experi\u00eancia Catch and Cook em Porto de Galinhas: pescar, cozinhar e saborear em meio \u00e0 cultura local e \u00e0 beira do rio.\" \/>\n<meta property=\"og:url\" content=\"https:\/\/experiencingporto.com\/es\/catch-and-cook\/\" \/>\n<meta property=\"og:site_name\" content=\"Experiencing Porto\" \/>\n<meta property=\"article:publisher\" content=\"https:\/\/www.facebook.com\/experiencingporto\/\" \/>\n<meta property=\"article:modified_time\" content=\"2025-09-25T15:12:00+00:00\" \/>\n<meta property=\"og:image\" content=\"https:\/\/experiencingporto.com\/wp-content\/uploads\/2025\/03\/WhatsApp-Image-2025-03-16-at-11.52.32-4.jpeg\" \/>\n\t<meta property=\"og:image:width\" content=\"1200\" \/>\n\t<meta property=\"og:image:height\" content=\"1600\" \/>\n\t<meta property=\"og:image:type\" content=\"image\/jpeg\" \/>\n<meta name=\"twitter:card\" content=\"summary_large_image\" \/>\n<meta name=\"twitter:label1\" content=\"Est. reading time\" \/>\n\t<meta name=\"twitter:data1\" content=\"2 minutos\" \/>\n<script type=\"application\/ld+json\" class=\"yoast-schema-graph\">{\"@context\":\"https:\\\/\\\/schema.org\",\"@graph\":[{\"@type\":\"WebPage\",\"@id\":\"https:\\\/\\\/experiencingporto.com\\\/catch-and-cook\\\/\",\"url\":\"https:\\\/\\\/experiencingporto.com\\\/catch-and-cook\\\/\",\"name\":\"Catch and Cook em Porto de Galinhas\",\"isPartOf\":{\"@id\":\"https:\\\/\\\/experiencingporto.com\\\/#website\"},\"primaryImageOfPage\":{\"@id\":\"https:\\\/\\\/experiencingporto.com\\\/catch-and-cook\\\/#primaryimage\"},\"image\":{\"@id\":\"https:\\\/\\\/experiencingporto.com\\\/catch-and-cook\\\/#primaryimage\"},\"thumbnailUrl\":\"https:\\\/\\\/i0.wp.com\\\/experiencingporto.com\\\/wp-content\\\/uploads\\\/2025\\\/03\\\/WhatsApp-Image-2025-03-16-at-11.52.32-4.jpeg?fit=1200%2C1600&ssl=1\",\"datePublished\":\"2024-08-22T17:42:10+00:00\",\"dateModified\":\"2025-09-25T15:12:00+00:00\",\"description\":\"Experi\u00eancia Catch and Cook em Porto de Galinhas: pescar, cozinhar e saborear em meio \u00e0 cultura local e \u00e0 beira do rio.\",\"breadcrumb\":{\"@id\":\"https:\\\/\\\/experiencingporto.com\\\/catch-and-cook\\\/#breadcrumb\"},\"inLanguage\":\"es-UY\",\"potentialAction\":[{\"@type\":\"ReadAction\",\"target\":[\"https:\\\/\\\/experiencingporto.com\\\/catch-and-cook\\\/\"]}]},{\"@type\":\"ImageObject\",\"inLanguage\":\"es-UY\",\"@id\":\"https:\\\/\\\/experiencingporto.com\\\/catch-and-cook\\\/#primaryimage\",\"url\":\"https:\\\/\\\/i0.wp.com\\\/experiencingporto.com\\\/wp-content\\\/uploads\\\/2025\\\/03\\\/WhatsApp-Image-2025-03-16-at-11.52.32-4.jpeg?fit=1200%2C1600&ssl=1\",\"contentUrl\":\"https:\\\/\\\/i0.wp.com\\\/experiencingporto.com\\\/wp-content\\\/uploads\\\/2025\\\/03\\\/WhatsApp-Image-2025-03-16-at-11.52.32-4.jpeg?fit=1200%2C1600&ssl=1\",\"width\":1200,\"height\":1600,\"caption\":\"Catch and Cook em Porto de Galinhas\"},{\"@type\":\"BreadcrumbList\",\"@id\":\"https:\\\/\\\/experiencingporto.com\\\/catch-and-cook\\\/#breadcrumb\",\"itemListElement\":[{\"@type\":\"ListItem\",\"position\":1,\"name\":\"In\u00edcio\",\"item\":\"https:\\\/\\\/experiencingporto.com\\\/\"},{\"@type\":\"ListItem\",\"position\":2,\"name\":\"Catch and Cook em Porto de Galinhas \u2013 Pescar e preparar \u00e0 beira do rio\"}]},{\"@type\":\"WebSite\",\"@id\":\"https:\\\/\\\/experiencingporto.com\\\/#website\",\"url\":\"https:\\\/\\\/experiencingporto.com\\\/\",\"name\":\"Experiencing Porto\",\"description\":\"Guia de experi\u00eancias em Porto de Galinhas. Uno conhecimentos sobre biologia, mergulho e saberes nativos para oferecer os melhores roteiros neste para\u00edso. \",\"potentialAction\":[{\"@type\":\"SearchAction\",\"target\":{\"@type\":\"EntryPoint\",\"urlTemplate\":\"https:\\\/\\\/experiencingporto.com\\\/?s={search_term_string}\"},\"query-input\":{\"@type\":\"PropertyValueSpecification\",\"valueRequired\":true,\"valueName\":\"search_term_string\"}}],\"inLanguage\":\"es-UY\"}]}<\/script>\n<!-- \/ Yoast SEO plugin. -->","yoast_head_json":{"title":"Catch and Cook em Porto de Galinhas","description":"Experi\u00eancia Catch and Cook em Porto de Galinhas: pescar, cozinhar e saborear em meio \u00e0 cultura local e \u00e0 beira do rio.","robots":{"index":"index","follow":"follow","max-snippet":"max-snippet:-1","max-image-preview":"max-image-preview:large","max-video-preview":"max-video-preview:-1"},"canonical":"https:\/\/experiencingporto.com\/es\/catch-and-cook\/","og_locale":"es_ES","og_type":"article","og_title":"Catch and Cook em Porto de Galinhas","og_description":"Experi\u00eancia Catch and Cook em Porto de Galinhas: pescar, cozinhar e saborear em meio \u00e0 cultura local e \u00e0 beira do rio.","og_url":"https:\/\/experiencingporto.com\/es\/catch-and-cook\/","og_site_name":"Experiencing Porto","article_publisher":"https:\/\/www.facebook.com\/experiencingporto\/","article_modified_time":"2025-09-25T15:12:00+00:00","og_image":[{"width":1200,"height":1600,"url":"https:\/\/experiencingporto.com\/wp-content\/uploads\/2025\/03\/WhatsApp-Image-2025-03-16-at-11.52.32-4.jpeg","type":"image\/jpeg"}],"twitter_card":"summary_large_image","twitter_misc":{"Est. reading time":"2 minutos"},"schema":{"@context":"https:\/\/schema.org","@graph":[{"@type":"WebPage","@id":"https:\/\/experiencingporto.com\/catch-and-cook\/","url":"https:\/\/experiencingporto.com\/catch-and-cook\/","name":"Catch and Cook em Porto de Galinhas","isPartOf":{"@id":"https:\/\/experiencingporto.com\/#website"},"primaryImageOfPage":{"@id":"https:\/\/experiencingporto.com\/catch-and-cook\/#primaryimage"},"image":{"@id":"https:\/\/experiencingporto.com\/catch-and-cook\/#primaryimage"},"thumbnailUrl":"https:\/\/i0.wp.com\/experiencingporto.com\/wp-content\/uploads\/2025\/03\/WhatsApp-Image-2025-03-16-at-11.52.32-4.jpeg?fit=1200%2C1600&ssl=1","datePublished":"2024-08-22T17:42:10+00:00","dateModified":"2025-09-25T15:12:00+00:00","description":"Experi\u00eancia Catch and Cook em Porto de Galinhas: pescar, cozinhar e saborear em meio \u00e0 cultura local e \u00e0 beira do rio.","breadcrumb":{"@id":"https:\/\/experiencingporto.com\/catch-and-cook\/#breadcrumb"},"inLanguage":"es-UY","potentialAction":[{"@type":"ReadAction","target":["https:\/\/experiencingporto.com\/catch-and-cook\/"]}]},{"@type":"ImageObject","inLanguage":"es-UY","@id":"https:\/\/experiencingporto.com\/catch-and-cook\/#primaryimage","url":"https:\/\/i0.wp.com\/experiencingporto.com\/wp-content\/uploads\/2025\/03\/WhatsApp-Image-2025-03-16-at-11.52.32-4.jpeg?fit=1200%2C1600&ssl=1","contentUrl":"https:\/\/i0.wp.com\/experiencingporto.com\/wp-content\/uploads\/2025\/03\/WhatsApp-Image-2025-03-16-at-11.52.32-4.jpeg?fit=1200%2C1600&ssl=1","width":1200,"height":1600,"caption":"Catch and Cook em Porto de Galinhas"},{"@type":"BreadcrumbList","@id":"https:\/\/experiencingporto.com\/catch-and-cook\/#breadcrumb","itemListElement":[{"@type":"ListItem","position":1,"name":"In\u00edcio","item":"https:\/\/experiencingporto.com\/"},{"@type":"ListItem","position":2,"name":"Catch and Cook em Porto de Galinhas \u2013 Pescar e preparar \u00e0 beira do rio"}]},{"@type":"WebSite","@id":"https:\/\/experiencingporto.com\/#website","url":"https:\/\/experiencingporto.com\/","name":"Experiencing Porto","description":"Guia de experi\u00eancias em Porto de Galinhas. Uno conhecimentos sobre biologia, mergulho e saberes nativos para oferecer os melhores roteiros neste para\u00edso.","potentialAction":[{"@type":"SearchAction","target":{"@type":"EntryPoint","urlTemplate":"https:\/\/experiencingporto.com\/?s={search_term_string}"},"query-input":{"@type":"PropertyValueSpecification","valueRequired":true,"valueName":"search_term_string"}}],"inLanguage":"es-UY"}]}},"jetpack_sharing_enabled":true,"_links":{"self":[{"href":"https:\/\/experiencingporto.com\/es\/wp-json\/wp\/v2\/pages\/85","targetHints":{"allow":["GET"]}}],"collection":[{"href":"https:\/\/experiencingporto.com\/es\/wp-json\/wp\/v2\/pages"}],"about":[{"href":"https:\/\/experiencingporto.com\/es\/wp-json\/wp\/v2\/types\/page"}],"author":[{"embeddable":true,"href":"https:\/\/experiencingporto.com\/es\/wp-json\/wp\/v2\/users\/1"}],"replies":[{"embeddable":true,"href":"https:\/\/experiencingporto.com\/es\/wp-json\/wp\/v2\/comments?post=85"}],"version-history":[{"count":6,"href":"https:\/\/experiencingporto.com\/es\/wp-json\/wp\/v2\/pages\/85\/revisions"}],"predecessor-version":[{"id":386,"href":"https:\/\/experiencingporto.com\/es\/wp-json\/wp\/v2\/pages\/85\/revisions\/386"}],"wp:featuredmedia":[{"embeddable":true,"href":"https:\/\/experiencingporto.com\/es\/wp-json\/wp\/v2\/media\/196"}],"wp:attachment":[{"href":"https:\/\/experiencingporto.com\/es\/wp-json\/wp\/v2\/media?parent=85"}],"curies":[{"name":"wp","href":"https:\/\/api.w.org\/{rel}","templated":true}]}}