{"id":8,"date":"2024-08-01T20:56:23","date_gmt":"2024-08-01T20:56:23","guid":{"rendered":"https:\/\/experiencingporto.com\/contato\/"},"modified":"2025-08-30T19:56:36","modified_gmt":"2025-08-30T19:56:36","slug":"contato","status":"publish","type":"page","link":"https:\/\/experiencingporto.com\/es\/contato\/","title":{"rendered":"Contacto Experiencing Porto"},"content":{"rendered":"<div class=\"nfd-container nfd-p-0 wp-block-group alignfull has-white-color has-text-color has-background is-layout-constrained wp-container-core-group-is-layout-e555385e wp-block-group-is-layout-constrained\" style=\"background:linear-gradient(0deg,rgba(255,255,255,0) 16%,rgb(22,26,29) 16%)\">\n<div class=\"nfd-my-0 nfd-p-lg nfd-gap-xl wp-block-group alignwide is-vertical is-content-justification-center is-layout-flex wp-container-core-group-is-layout-ce155fab wp-block-group-is-layout-flex\">\n<h1 class=\"nfd-text-current nfd-text-giga wp-block-heading has-text-align-center\">\u00a1Entra en contacto!<\/h1>\n\n\n\n<div class=\"nfd-text-md nfd-text-opacity-80 wp-block-group is-layout-constrained wp-container-core-group-is-layout-ff55baa2 wp-block-group-is-layout-constrained\">\n<p class=\"has-text-align-center\">Estamos a disposici\u00f3n para ayudarte a planear tus vacaciones y paseos en Porto de Galinhas. Pod\u00e9s escribirnos\u00a0<strong>por WhatsApp<\/strong>\u00a0o enviarnos un\u00a0<strong>mensaje directo en Instagram (@experiencingporto).<\/strong>\u00a1Ser\u00e1 un placer conversar contigo! \ud83d\udc9a <\/p>\n<\/div>\n<\/div>\n\n\n\n<div class=\"wp-block-group has-border-color has-white-background-color has-background is-content-justification-left is-layout-flex wp-container-core-group-is-layout-751a8721 wp-block-group-is-layout-flex\" style=\"border-color:#00000017;border-width:1px;border-radius:19px;padding-top:4px;padding-right:4px;padding-bottom:4px;padding-left:4px\">\n<div class=\"nfd-p-md nfd-bg-gray-800 nfd-text-base md:nfd-basis-full nfd-bg-surface nfd-theme-darker is-style-nfd-theme-darker wp-block-group wp-container-content-01c117f0 is-vertical is-content-justification-left is-layout-flex wp-container-core-group-is-layout-95b9bda4 wp-block-group-is-layout-flex\" style=\"border-radius:16px\">\n<div class=\"wp-block-group is-layout-constrained wp-container-core-group-is-layout-6141fbbf wp-block-group-is-layout-constrained\">\n<div class=\"wp-block-group is-layout-constrained wp-block-group-is-layout-constrained\">\n<p class=\"wp-block-heading nfd-text-current nfd-text-lg\">Nuestros canales de contacto:<\/p>\n<\/div>\n\n\n\n<div class=\"wp-block-group is-layout-constrained wp-container-core-group-is-layout-334a2726 wp-block-group-is-layout-constrained\">\n<p class=\"\">WhatsApp: (81) 99 5065323<\/p>\n\n\n\n<p class=\"nfd-text-opacity-80 nfd-text-sm\"><strong>experiencingporto@gmail.com<\/strong><\/p>\n\n\n\n<p class=\"\">mensaje directo de Instagram:<\/p>\n<\/div>\n<\/div>\n<\/div>\n<\/div>\n<\/div>\n\n\n\n<p class=\"\"><\/p>","protected":false},"excerpt":{"rendered":"<p>Fale conosco! Estamos a disposi\u00e7\u00e3o para te ajudar a planejar tuas f\u00e9rias e passeios em Porto de Galinhas. Pode nos escrever pelo\u00a0WhatsApp\u00a0ou enviar uma\u00a0mensagem direta no Instagram (@experiencingporto). Ser\u00e1 um prazer conversar com voc\u00ea! &#x1f49a;. Nossos canais de contato: WhatsApp: (81) 99 5065323 experiencingporto@gmail.com mensagem direto no Instagram: @experiencingporto<\/p>","protected":false},"author":1,"featured_media":0,"parent":0,"menu_order":0,"comment_status":"closed","ping_status":"closed","template":"","meta":{"nf_dc_page":"","om_disable_all_campaigns":false,"footnotes":""},"class_list":["post-8","page","type-page","status-publish","hentry"],"yoast_head":"<!-- This site is optimized with the Yoast SEO plugin v27.6 - https:\/\/yoast.com\/product\/yoast-seo-wordpress\/ -->\n<title>Contato | Roteiros personalizados em Porto de Galinhas<\/title>\n<meta name=\"description\" content=\"Fale conosco por WhatsApp ou Instagram e descubra experi\u00eancias aut\u00eanticas e fora do cardume em Porto de Galinhas.\" \/>\n<meta name=\"robots\" content=\"index, follow, max-snippet:-1, max-image-preview:large, max-video-preview:-1\" \/>\n<link rel=\"canonical\" href=\"https:\/\/experiencingporto.com\/es\/contato\/\" \/>\n<meta property=\"og:locale\" content=\"es_ES\" \/>\n<meta property=\"og:type\" content=\"article\" \/>\n<meta property=\"og:title\" content=\"Contato | Roteiros personalizados em Porto de Galinhas\" \/>\n<meta property=\"og:description\" content=\"Fale conosco por WhatsApp ou Instagram e descubra experi\u00eancias aut\u00eanticas e fora do cardume em Porto de Galinhas.\" \/>\n<meta property=\"og:url\" content=\"https:\/\/experiencingporto.com\/es\/contato\/\" \/>\n<meta property=\"og:site_name\" content=\"Experiencing Porto\" \/>\n<meta property=\"article:publisher\" content=\"https:\/\/www.facebook.com\/experiencingporto\/\" \/>\n<meta property=\"article:modified_time\" content=\"2025-08-30T19:56:36+00:00\" \/>\n<meta name=\"twitter:card\" content=\"summary_large_image\" \/>\n<meta name=\"twitter:label1\" content=\"Est. reading time\" \/>\n\t<meta name=\"twitter:data1\" content=\"1 minuto\" \/>\n<script type=\"application\/ld+json\" class=\"yoast-schema-graph\">{\"@context\":\"https:\\\/\\\/schema.org\",\"@graph\":[{\"@type\":\"WebPage\",\"@id\":\"https:\\\/\\\/experiencingporto.com\\\/contato\\\/\",\"url\":\"https:\\\/\\\/experiencingporto.com\\\/contato\\\/\",\"name\":\"Contato | Roteiros personalizados em Porto de Galinhas\",\"isPartOf\":{\"@id\":\"https:\\\/\\\/experiencingporto.com\\\/#website\"},\"datePublished\":\"2024-08-01T20:56:23+00:00\",\"dateModified\":\"2025-08-30T19:56:36+00:00\",\"description\":\"Fale conosco por WhatsApp ou Instagram e descubra experi\u00eancias aut\u00eanticas e fora do cardume em Porto de Galinhas.\",\"breadcrumb\":{\"@id\":\"https:\\\/\\\/experiencingporto.com\\\/contato\\\/#breadcrumb\"},\"inLanguage\":\"es-UY\",\"potentialAction\":[{\"@type\":\"ReadAction\",\"target\":[\"https:\\\/\\\/experiencingporto.com\\\/contato\\\/\"]}]},{\"@type\":\"BreadcrumbList\",\"@id\":\"https:\\\/\\\/experiencingporto.com\\\/contato\\\/#breadcrumb\",\"itemListElement\":[{\"@type\":\"ListItem\",\"position\":1,\"name\":\"In\u00edcio\",\"item\":\"https:\\\/\\\/experiencingporto.com\\\/\"},{\"@type\":\"ListItem\",\"position\":2,\"name\":\"Contato Experiencing Porto\"}]},{\"@type\":\"WebSite\",\"@id\":\"https:\\\/\\\/experiencingporto.com\\\/#website\",\"url\":\"https:\\\/\\\/experiencingporto.com\\\/\",\"name\":\"Experiencing Porto\",\"description\":\"Guia de experi\u00eancias em Porto de Galinhas. Uno conhecimentos sobre biologia, mergulho e saberes nativos para oferecer os melhores roteiros neste para\u00edso. \",\"potentialAction\":[{\"@type\":\"SearchAction\",\"target\":{\"@type\":\"EntryPoint\",\"urlTemplate\":\"https:\\\/\\\/experiencingporto.com\\\/?s={search_term_string}\"},\"query-input\":{\"@type\":\"PropertyValueSpecification\",\"valueRequired\":true,\"valueName\":\"search_term_string\"}}],\"inLanguage\":\"es-UY\"}]}<\/script>\n<!-- \/ Yoast SEO plugin. -->","yoast_head_json":{"title":"Contato | Roteiros personalizados em Porto de Galinhas","description":"Fale conosco por WhatsApp ou Instagram e descubra experi\u00eancias aut\u00eanticas e fora do cardume em Porto de Galinhas.","robots":{"index":"index","follow":"follow","max-snippet":"max-snippet:-1","max-image-preview":"max-image-preview:large","max-video-preview":"max-video-preview:-1"},"canonical":"https:\/\/experiencingporto.com\/es\/contato\/","og_locale":"es_ES","og_type":"article","og_title":"Contato | Roteiros personalizados em Porto de Galinhas","og_description":"Fale conosco por WhatsApp ou Instagram e descubra experi\u00eancias aut\u00eanticas e fora do cardume em Porto de Galinhas.","og_url":"https:\/\/experiencingporto.com\/es\/contato\/","og_site_name":"Experiencing Porto","article_publisher":"https:\/\/www.facebook.com\/experiencingporto\/","article_modified_time":"2025-08-30T19:56:36+00:00","twitter_card":"summary_large_image","twitter_misc":{"Est. reading time":"1 minuto"},"schema":{"@context":"https:\/\/schema.org","@graph":[{"@type":"WebPage","@id":"https:\/\/experiencingporto.com\/contato\/","url":"https:\/\/experiencingporto.com\/contato\/","name":"Contato | Roteiros personalizados em Porto de Galinhas","isPartOf":{"@id":"https:\/\/experiencingporto.com\/#website"},"datePublished":"2024-08-01T20:56:23+00:00","dateModified":"2025-08-30T19:56:36+00:00","description":"Fale conosco por WhatsApp ou Instagram e descubra experi\u00eancias aut\u00eanticas e fora do cardume em Porto de Galinhas.","breadcrumb":{"@id":"https:\/\/experiencingporto.com\/contato\/#breadcrumb"},"inLanguage":"es-UY","potentialAction":[{"@type":"ReadAction","target":["https:\/\/experiencingporto.com\/contato\/"]}]},{"@type":"BreadcrumbList","@id":"https:\/\/experiencingporto.com\/contato\/#breadcrumb","itemListElement":[{"@type":"ListItem","position":1,"name":"In\u00edcio","item":"https:\/\/experiencingporto.com\/"},{"@type":"ListItem","position":2,"name":"Contato Experiencing Porto"}]},{"@type":"WebSite","@id":"https:\/\/experiencingporto.com\/#website","url":"https:\/\/experiencingporto.com\/","name":"Experiencing Porto","description":"Guia de experi\u00eancias em Porto de Galinhas. Uno conhecimentos sobre biologia, mergulho e saberes nativos para oferecer os melhores roteiros neste para\u00edso.","potentialAction":[{"@type":"SearchAction","target":{"@type":"EntryPoint","urlTemplate":"https:\/\/experiencingporto.com\/?s={search_term_string}"},"query-input":{"@type":"PropertyValueSpecification","valueRequired":true,"valueName":"search_term_string"}}],"inLanguage":"es-UY"}]}},"jetpack_sharing_enabled":true,"_links":{"self":[{"href":"https:\/\/experiencingporto.com\/es\/wp-json\/wp\/v2\/pages\/8","targetHints":{"allow":["GET"]}}],"collection":[{"href":"https:\/\/experiencingporto.com\/es\/wp-json\/wp\/v2\/pages"}],"about":[{"href":"https:\/\/experiencingporto.com\/es\/wp-json\/wp\/v2\/types\/page"}],"author":[{"embeddable":true,"href":"https:\/\/experiencingporto.com\/es\/wp-json\/wp\/v2\/users\/1"}],"replies":[{"embeddable":true,"href":"https:\/\/experiencingporto.com\/es\/wp-json\/wp\/v2\/comments?post=8"}],"version-history":[{"count":4,"href":"https:\/\/experiencingporto.com\/es\/wp-json\/wp\/v2\/pages\/8\/revisions"}],"predecessor-version":[{"id":305,"href":"https:\/\/experiencingporto.com\/es\/wp-json\/wp\/v2\/pages\/8\/revisions\/305"}],"wp:attachment":[{"href":"https:\/\/experiencingporto.com\/es\/wp-json\/wp\/v2\/media?parent=8"}],"curies":[{"name":"wp","href":"https:\/\/api.w.org\/{rel}","templated":true}]}}