{"id":70,"date":"2024-08-13T20:34:04","date_gmt":"2024-08-13T20:34:04","guid":{"rendered":"https:\/\/experiencingporto.com\/?page_id=70"},"modified":"2025-09-25T14:55:11","modified_gmt":"2025-09-25T14:55:11","slug":"aula-de-mergulho-livre-porto-de-galinhas","status":"publish","type":"page","link":"https:\/\/experiencingporto.com\/es\/aula-de-mergulho-livre-porto-de-galinhas\/","title":{"rendered":"Clase de Freediving en Porto de Galinhas"},"content":{"rendered":"<div class=\"wp-block-buttons is-layout-flex wp-block-buttons-is-layout-flex\">\n<div class=\"wp-block-button\"><a class=\"wp-block-button__link wp-element-button\" href=\"https:\/\/wa.me\/message\/L6DO4T6ZZ7BFP1\">Reserve ahora por WhatsApp<\/a><\/div>\n<\/div>\n\n\n\n<div class=\"nfd-container wp-block-group alignfull is-layout-constrained wp-container-core-group-is-layout-346627ba wp-block-group-is-layout-constrained\">\n<div class=\"nfd-container nfd-text-md wp-block-group alignfull is-layout-constrained wp-container-core-group-is-layout-346627ba wp-block-group-is-layout-constrained\">\n<div class=\"nfd-max-w-prose wp-block-group is-vertical is-content-justification-left is-layout-flex wp-container-core-group-is-layout-dd225191 wp-block-group-is-layout-flex\">\n<p class=\"\">Mejora tus t\u00e9cnicas de <strong>freediving en Porto de Galinhas<\/strong> con la orientaci\u00f3n de un gu\u00eda nativo y  buzo acreditado. Vas a bucear con seguridad, explorar \u00e1reas aisladas y ganar m\u00e1s confianza en profundidades de hasta 10 m.<\/p>\n\n\n\n<h3 class=\"wp-block-heading\">\u00bfPara qui\u00e9n es la clase?<\/h3>\n\n\n\n<ul class=\"wp-block-list\">\n<li class=\"\">Para buzos intermedios que quieran mejorar su desempe\u00f1o.<\/li>\n\n\n\n<li class=\"\">Para principianres que deseen aprender las t\u00e9cnicas b\u00e1sicas de freediving.<\/li>\n<\/ul>\n\n\n\n<h3 class=\"wp-block-heading\">\ud83d\udccdDetalles de la experiencia<\/h3>\n\n\n\n<ul class=\"wp-block-list\">\n<li class=\"\">Duraci\u00f3n: ~3 horas.<\/li>\n\n\n\n<li class=\"\"><strong>Parte te\u00f3rica:<\/strong><br>Conversamos sobre seguridad, respiraci\u00f3n, flotabilidad y equipos.<\/li>\n\n\n\n<li class=\"\"><strong>Parte pr\u00e1ctica:<\/strong><br>Realizamos exerc\u00edcios de mergulho livre em \u00e1reas isoladas, com profundidade de at\u00e9 10m.<\/li>\n<\/ul>\n\n\n\n<h3 class=\"wp-block-heading\">\ud83c\udf92 Qu\u00e9 est\u00e1 incluido<\/h3>\n\n\n\n<ul class=\"wp-block-list\">\n<li class=\"\">M\u00e1scara, snorkel, patas de rana y lastre.<\/li>\n\n\n\n<li class=\"\">Boyas y equipos de seguridad.<\/li>\n<\/ul>\n\n\n\n<h4 class=\"wp-block-heading\">\ud83d\udcb0 Valores y reservas<\/h4>\n\n\n\n<ul class=\"wp-block-list\">\n<li class=\"\">R$150 por persona.<\/li>\n\n\n\n<li class=\"\">Reserva con 50% del valor anticipado.<\/li>\n\n\n\n<li class=\"\">Pago v\u00eda Pix, transferencia o efectivo.<\/li>\n\n\n\n<li class=\"\">Cancelaci\u00f3n: sin reembolso, pero se puede reprogramar siempre que no afecte las reservas de terceros.<\/li>\n\n\n\n<li class=\"\">Descuentos para grupos.<\/li>\n<\/ul>\n<\/div>\n<\/div>\n\n\n\n<div class=\"wp-block-buttons is-layout-flex wp-block-buttons-is-layout-flex\">\n<div class=\"wp-block-button\"><a class=\"wp-block-button__link wp-element-button\" href=\"https:\/\/wa.me\/message\/L6DO4T6ZZ7BFP1\">Reserve ahora por WhatsApp<\/a><\/div>\n<\/div>\n<\/div>\n\n\n\n<p class=\"\"><\/p>","protected":false},"excerpt":{"rendered":"<p>Aprimore suas t\u00e9cnicas de mergulho livre em Porto de Galinhas com a orienta\u00e7\u00e3o de dupla nativa e mergulhador credenciado. Voc\u00ea vai mergulhar com seguran\u00e7a, explorar \u00e1reas isoladas e ganhar mais confian\u00e7a em profundidades de at\u00e9 10m. Para quem \u00e9 a aula? &#x1f4cd;Detalhes da experi\u00eancia &#x1f392; O que est\u00e1 incluso &#x1f4b0; Valor e reservas<\/p>","protected":false},"author":1,"featured_media":198,"parent":0,"menu_order":0,"comment_status":"closed","ping_status":"closed","template":"","meta":{"nf_dc_page":"","om_disable_all_campaigns":false,"footnotes":""},"class_list":["post-70","page","type-page","status-publish","has-post-thumbnail","hentry"],"yoast_head":"<!-- This site is optimized with the Yoast SEO plugin v27.6 - https:\/\/yoast.com\/product\/yoast-seo-wordpress\/ -->\n<title>Aula de Mergulho Livre em Porto de Galinhas<\/title>\n<meta name=\"description\" content=\"Aprenda mergulho livre em Porto de Galinhas com seguran\u00e7a e guia credenciado. Aula te\u00f3rica e pr\u00e1tica no mar, equipamentos inclusos.\" \/>\n<meta name=\"robots\" content=\"index, follow, max-snippet:-1, max-image-preview:large, max-video-preview:-1\" \/>\n<link rel=\"canonical\" href=\"https:\/\/experiencingporto.com\/es\/aula-de-mergulho-livre-porto-de-galinhas\/\" \/>\n<meta property=\"og:locale\" content=\"es_ES\" \/>\n<meta property=\"og:type\" content=\"article\" \/>\n<meta property=\"og:title\" content=\"Aula de Mergulho Livre em Porto de Galinhas\" \/>\n<meta property=\"og:description\" content=\"Aprenda mergulho livre em Porto de Galinhas com seguran\u00e7a e guia credenciado. Aula te\u00f3rica e pr\u00e1tica no mar, equipamentos inclusos.\" \/>\n<meta property=\"og:url\" content=\"https:\/\/experiencingporto.com\/es\/aula-de-mergulho-livre-porto-de-galinhas\/\" \/>\n<meta property=\"og:site_name\" content=\"Experiencing Porto\" \/>\n<meta property=\"article:publisher\" content=\"https:\/\/www.facebook.com\/experiencingporto\/\" \/>\n<meta property=\"article:modified_time\" content=\"2025-09-25T14:55:11+00:00\" \/>\n<meta property=\"og:image\" content=\"https:\/\/experiencingporto.com\/wp-content\/uploads\/2025\/03\/WhatsApp-Image-2025-03-16-at-11.52.33.jpeg\" \/>\n\t<meta property=\"og:image:width\" content=\"1518\" \/>\n\t<meta property=\"og:image:height\" content=\"1440\" \/>\n\t<meta property=\"og:image:type\" content=\"image\/jpeg\" \/>\n<meta name=\"twitter:card\" content=\"summary_large_image\" \/>\n<meta name=\"twitter:label1\" content=\"Est. reading time\" \/>\n\t<meta name=\"twitter:data1\" content=\"1 minuto\" \/>\n<script type=\"application\/ld+json\" class=\"yoast-schema-graph\">{\"@context\":\"https:\\\/\\\/schema.org\",\"@graph\":[{\"@type\":\"WebPage\",\"@id\":\"https:\\\/\\\/experiencingporto.com\\\/aula-de-mergulho-livre-porto-de-galinhas\\\/\",\"url\":\"https:\\\/\\\/experiencingporto.com\\\/aula-de-mergulho-livre-porto-de-galinhas\\\/\",\"name\":\"Aula de Mergulho Livre em Porto de Galinhas\",\"isPartOf\":{\"@id\":\"https:\\\/\\\/experiencingporto.com\\\/#website\"},\"primaryImageOfPage\":{\"@id\":\"https:\\\/\\\/experiencingporto.com\\\/aula-de-mergulho-livre-porto-de-galinhas\\\/#primaryimage\"},\"image\":{\"@id\":\"https:\\\/\\\/experiencingporto.com\\\/aula-de-mergulho-livre-porto-de-galinhas\\\/#primaryimage\"},\"thumbnailUrl\":\"https:\\\/\\\/i0.wp.com\\\/experiencingporto.com\\\/wp-content\\\/uploads\\\/2025\\\/03\\\/WhatsApp-Image-2025-03-16-at-11.52.33.jpeg?fit=1518%2C1440&ssl=1\",\"datePublished\":\"2024-08-13T20:34:04+00:00\",\"dateModified\":\"2025-09-25T14:55:11+00:00\",\"description\":\"Aprenda mergulho livre em Porto de Galinhas com seguran\u00e7a e guia credenciado. Aula te\u00f3rica e pr\u00e1tica no mar, equipamentos inclusos.\",\"breadcrumb\":{\"@id\":\"https:\\\/\\\/experiencingporto.com\\\/aula-de-mergulho-livre-porto-de-galinhas\\\/#breadcrumb\"},\"inLanguage\":\"es-UY\",\"potentialAction\":[{\"@type\":\"ReadAction\",\"target\":[\"https:\\\/\\\/experiencingporto.com\\\/aula-de-mergulho-livre-porto-de-galinhas\\\/\"]}]},{\"@type\":\"ImageObject\",\"inLanguage\":\"es-UY\",\"@id\":\"https:\\\/\\\/experiencingporto.com\\\/aula-de-mergulho-livre-porto-de-galinhas\\\/#primaryimage\",\"url\":\"https:\\\/\\\/i0.wp.com\\\/experiencingporto.com\\\/wp-content\\\/uploads\\\/2025\\\/03\\\/WhatsApp-Image-2025-03-16-at-11.52.33.jpeg?fit=1518%2C1440&ssl=1\",\"contentUrl\":\"https:\\\/\\\/i0.wp.com\\\/experiencingporto.com\\\/wp-content\\\/uploads\\\/2025\\\/03\\\/WhatsApp-Image-2025-03-16-at-11.52.33.jpeg?fit=1518%2C1440&ssl=1\",\"width\":1518,\"height\":1440,\"caption\":\"Mergulho em Porto de Galinhas\"},{\"@type\":\"BreadcrumbList\",\"@id\":\"https:\\\/\\\/experiencingporto.com\\\/aula-de-mergulho-livre-porto-de-galinhas\\\/#breadcrumb\",\"itemListElement\":[{\"@type\":\"ListItem\",\"position\":1,\"name\":\"In\u00edcio\",\"item\":\"https:\\\/\\\/experiencingporto.com\\\/\"},{\"@type\":\"ListItem\",\"position\":2,\"name\":\"Aula de Mergulho Livre em Porto de Galinhas\"}]},{\"@type\":\"WebSite\",\"@id\":\"https:\\\/\\\/experiencingporto.com\\\/#website\",\"url\":\"https:\\\/\\\/experiencingporto.com\\\/\",\"name\":\"Experiencing Porto\",\"description\":\"Guia de experi\u00eancias em Porto de Galinhas. Uno conhecimentos sobre biologia, mergulho e saberes nativos para oferecer os melhores roteiros neste para\u00edso. \",\"potentialAction\":[{\"@type\":\"SearchAction\",\"target\":{\"@type\":\"EntryPoint\",\"urlTemplate\":\"https:\\\/\\\/experiencingporto.com\\\/?s={search_term_string}\"},\"query-input\":{\"@type\":\"PropertyValueSpecification\",\"valueRequired\":true,\"valueName\":\"search_term_string\"}}],\"inLanguage\":\"es-UY\"}]}<\/script>\n<!-- \/ Yoast SEO plugin. -->","yoast_head_json":{"title":"Clase de Freediving en Porto de Galinhas","description":"Aprenda mergulho livre em Porto de Galinhas com seguran\u00e7a e guia credenciado. Aula te\u00f3rica e pr\u00e1tica no mar, equipamentos inclusos.","robots":{"index":"index","follow":"follow","max-snippet":"max-snippet:-1","max-image-preview":"max-image-preview:large","max-video-preview":"max-video-preview:-1"},"canonical":"https:\/\/experiencingporto.com\/es\/aula-de-mergulho-livre-porto-de-galinhas\/","og_locale":"es_ES","og_type":"article","og_title":"Aula de Mergulho Livre em Porto de Galinhas","og_description":"Aprenda mergulho livre em Porto de Galinhas com seguran\u00e7a e guia credenciado. Aula te\u00f3rica e pr\u00e1tica no mar, equipamentos inclusos.","og_url":"https:\/\/experiencingporto.com\/es\/aula-de-mergulho-livre-porto-de-galinhas\/","og_site_name":"Experiencing Porto","article_publisher":"https:\/\/www.facebook.com\/experiencingporto\/","article_modified_time":"2025-09-25T14:55:11+00:00","og_image":[{"width":1518,"height":1440,"url":"https:\/\/experiencingporto.com\/wp-content\/uploads\/2025\/03\/WhatsApp-Image-2025-03-16-at-11.52.33.jpeg","type":"image\/jpeg"}],"twitter_card":"summary_large_image","twitter_misc":{"Est. reading time":"1 minuto"},"schema":{"@context":"https:\/\/schema.org","@graph":[{"@type":"WebPage","@id":"https:\/\/experiencingporto.com\/aula-de-mergulho-livre-porto-de-galinhas\/","url":"https:\/\/experiencingporto.com\/aula-de-mergulho-livre-porto-de-galinhas\/","name":"Clase de Freediving en Porto de Galinhas","isPartOf":{"@id":"https:\/\/experiencingporto.com\/#website"},"primaryImageOfPage":{"@id":"https:\/\/experiencingporto.com\/aula-de-mergulho-livre-porto-de-galinhas\/#primaryimage"},"image":{"@id":"https:\/\/experiencingporto.com\/aula-de-mergulho-livre-porto-de-galinhas\/#primaryimage"},"thumbnailUrl":"https:\/\/i0.wp.com\/experiencingporto.com\/wp-content\/uploads\/2025\/03\/WhatsApp-Image-2025-03-16-at-11.52.33.jpeg?fit=1518%2C1440&ssl=1","datePublished":"2024-08-13T20:34:04+00:00","dateModified":"2025-09-25T14:55:11+00:00","description":"Aprenda mergulho livre em Porto de Galinhas com seguran\u00e7a e guia credenciado. Aula te\u00f3rica e pr\u00e1tica no mar, equipamentos inclusos.","breadcrumb":{"@id":"https:\/\/experiencingporto.com\/aula-de-mergulho-livre-porto-de-galinhas\/#breadcrumb"},"inLanguage":"es-UY","potentialAction":[{"@type":"ReadAction","target":["https:\/\/experiencingporto.com\/aula-de-mergulho-livre-porto-de-galinhas\/"]}]},{"@type":"ImageObject","inLanguage":"es-UY","@id":"https:\/\/experiencingporto.com\/aula-de-mergulho-livre-porto-de-galinhas\/#primaryimage","url":"https:\/\/i0.wp.com\/experiencingporto.com\/wp-content\/uploads\/2025\/03\/WhatsApp-Image-2025-03-16-at-11.52.33.jpeg?fit=1518%2C1440&ssl=1","contentUrl":"https:\/\/i0.wp.com\/experiencingporto.com\/wp-content\/uploads\/2025\/03\/WhatsApp-Image-2025-03-16-at-11.52.33.jpeg?fit=1518%2C1440&ssl=1","width":1518,"height":1440,"caption":"Mergulho em Porto de Galinhas"},{"@type":"BreadcrumbList","@id":"https:\/\/experiencingporto.com\/aula-de-mergulho-livre-porto-de-galinhas\/#breadcrumb","itemListElement":[{"@type":"ListItem","position":1,"name":"In\u00edcio","item":"https:\/\/experiencingporto.com\/"},{"@type":"ListItem","position":2,"name":"Aula de Mergulho Livre em Porto de Galinhas"}]},{"@type":"WebSite","@id":"https:\/\/experiencingporto.com\/#website","url":"https:\/\/experiencingporto.com\/","name":"Experiencing Porto","description":"Guia de experi\u00eancias em Porto de Galinhas. Uno conhecimentos sobre biologia, mergulho e saberes nativos para oferecer os melhores roteiros neste para\u00edso.","potentialAction":[{"@type":"SearchAction","target":{"@type":"EntryPoint","urlTemplate":"https:\/\/experiencingporto.com\/?s={search_term_string}"},"query-input":{"@type":"PropertyValueSpecification","valueRequired":true,"valueName":"search_term_string"}}],"inLanguage":"es-UY"}]}},"jetpack_sharing_enabled":true,"_links":{"self":[{"href":"https:\/\/experiencingporto.com\/es\/wp-json\/wp\/v2\/pages\/70","targetHints":{"allow":["GET"]}}],"collection":[{"href":"https:\/\/experiencingporto.com\/es\/wp-json\/wp\/v2\/pages"}],"about":[{"href":"https:\/\/experiencingporto.com\/es\/wp-json\/wp\/v2\/types\/page"}],"author":[{"embeddable":true,"href":"https:\/\/experiencingporto.com\/es\/wp-json\/wp\/v2\/users\/1"}],"replies":[{"embeddable":true,"href":"https:\/\/experiencingporto.com\/es\/wp-json\/wp\/v2\/comments?post=70"}],"version-history":[{"count":5,"href":"https:\/\/experiencingporto.com\/es\/wp-json\/wp\/v2\/pages\/70\/revisions"}],"predecessor-version":[{"id":383,"href":"https:\/\/experiencingporto.com\/es\/wp-json\/wp\/v2\/pages\/70\/revisions\/383"}],"wp:featuredmedia":[{"embeddable":true,"href":"https:\/\/experiencingporto.com\/es\/wp-json\/wp\/v2\/media\/198"}],"wp:attachment":[{"href":"https:\/\/experiencingporto.com\/es\/wp-json\/wp\/v2\/media?parent=70"}],"curies":[{"name":"wp","href":"https:\/\/api.w.org\/{rel}","templated":true}]}}