{"id":68,"date":"2024-08-13T20:25:44","date_gmt":"2024-08-13T20:25:44","guid":{"rendered":"https:\/\/experiencingporto.com\/?page_id=68"},"modified":"2025-09-24T15:15:08","modified_gmt":"2025-09-24T15:15:08","slug":"guia-de-pesca-sub","status":"publish","type":"page","link":"https:\/\/experiencingporto.com\/es\/guia-de-pesca-sub\/","title":{"rendered":"Salida de Pesca en Porto de Galinhas"},"content":{"rendered":"<div class=\"wp-block-buttons is-layout-flex wp-block-buttons-is-layout-flex\">\n<div class=\"wp-block-button\"><a class=\"wp-block-button__link wp-element-button\" href=\"https:\/\/wa.me\/message\/L6DO4T6ZZ7BFP1\">Reserve ahora por WhatsApp<\/a><\/div>\n<\/div>\n\n\n\n<div class=\"nfd-container wp-block-group alignfull is-layout-constrained wp-container-core-group-is-layout-346627ba wp-block-group-is-layout-constrained\">\n<div class=\"nfd-container nfd-text-md wp-block-group alignfull is-layout-constrained wp-container-core-group-is-layout-346627ba wp-block-group-is-layout-constrained\">\n<div class=\"nfd-max-w-prose wp-block-group is-vertical is-content-justification-left is-layout-flex wp-container-core-group-is-layout-dd225191 wp-block-group-is-layout-flex\">\n<p class=\"\">La <strong>pesca submarina<\/strong> es una pr\u00e1ctica tradicional que conecta al buzo con el mar. En esta experiencia, eres acompa\u00f1ado por Renan \u2013bi\u00f3logo nativo de Porto de Galinhas y pescador sub\u2013 que gu\u00eda cada etapa de forma segura y personalizada.<\/p>\n\n\n\n<p class=\"\">La actividad es <strong>adaptada al nivel del participante<\/strong>: desde iniciantes curiosos hasta practicantes con m\u00e1s experiencia que quieren mejorar sus t\u00e9cnicas. El itinerario incluye orientaciones sobra respiraci\u00f3n, seguridad, y c\u00f3mo elegir los equipamientos e identificar los mejores lugares para pescar.<\/p>\n\n\n\n<p class=\"\">La experiencia tambi\u00e9n ofrece un componente culturar y ambiental: aprender\u00e1s sobre la relaci\u00f3n hist\u00f3rica de la comunidad local con la pesca, la importancia del respeto a los ciclos naturales, as\u00ed como buenas pr\u00e1cticas de sustentabilidad.<\/p>\n\n\n\n<h3 class=\"wp-block-heading\">\ud83c\udf92 Material que proporcionamos<\/h3>\n\n\n\n<ul class=\"wp-block-list\">\n<li class=\"\">Arbalete.<\/li>\n\n\n\n<li class=\"\">Lastre.<\/li>\n\n\n\n<li class=\"\">Boyas de apoyo.<\/li>\n\n\n\n<li class=\"\">M\u00e1scara y snorkel.<\/li>\n\n\n\n<li class=\"\">Patas de rana (consultar talles disponibles).<\/li>\n<\/ul>\n\n\n\n<h3 class=\"wp-block-heading\">\ud83d\udcb0 Valores y reservas<\/h3>\n\n\n\n<ul class=\"wp-block-list\">\n<li class=\"\">R$ 200 por persona.<\/li>\n\n\n\n<li class=\"\">Reserva con 50% del valor anticipado.<\/li>\n\n\n\n<li class=\"\">Pago v\u00eda Pix, transferencia o efectivo.<\/li>\n\n\n\n<li class=\"\">Cancelaci\u00f3n: sin reembolso, pero se puede reprogramar siempre que no afecte las reservas de terceros.<\/li>\n<\/ul>\n<\/div>\n<\/div>\n<\/div>\n\n\n\n<div class=\"wp-block-buttons is-layout-flex wp-block-buttons-is-layout-flex\">\n<div class=\"wp-block-button\"><a class=\"wp-block-button__link wp-element-button\" href=\"https:\/\/wa.me\/message\/L6DO4T6ZZ7BFP1\">Reserve ahora por WhatsApp<\/a><\/div>\n<\/div>\n\n\n\n<p class=\"\"><\/p>","protected":false},"excerpt":{"rendered":"<p>A pesca submarina \u00e9 uma pr\u00e1tica tradicional que conecta o mergulhador diretamente ao mar. Nesta experi\u00eancia, voc\u00ea \u00e9 acompanhado por Renan \u2014bi\u00f3logo nativo de Porto de Galinhas e pescador sub\u2014 que guia cada etapa de forma segura e personalizada. A atividade \u00e9 adaptada ao n\u00edvel de cada participante: desde iniciantes curiosos at\u00e9 praticantes mais experientes [&hellip;]<\/p>\n","protected":false},"author":1,"featured_media":260,"parent":0,"menu_order":0,"comment_status":"closed","ping_status":"closed","template":"","meta":{"nf_dc_page":"","om_disable_all_campaigns":false,"footnotes":""},"class_list":["post-68","page","type-page","status-publish","has-post-thumbnail","hentry"],"yoast_head":"<!-- This site is optimized with the Yoast SEO plugin v27.6 - https:\/\/yoast.com\/product\/yoast-seo-wordpress\/ -->\n<title>Guia de Pesca Sub em Porto de Galinhas<\/title>\n<meta name=\"description\" content=\"Guia de pesca sub em Porto de Galinhas: sa\u00eddas com dupla nativa, equipamentos dispon\u00edveis e planejamento seguro em mar aberto ou costeira.\" \/>\n<meta name=\"robots\" content=\"index, follow, max-snippet:-1, max-image-preview:large, max-video-preview:-1\" \/>\n<link rel=\"canonical\" href=\"https:\/\/experiencingporto.com\/es\/guia-de-pesca-sub\/\" \/>\n<meta property=\"og:locale\" content=\"es_ES\" \/>\n<meta property=\"og:type\" content=\"article\" \/>\n<meta property=\"og:title\" content=\"Guia de Pesca Sub em Porto de Galinhas\" \/>\n<meta property=\"og:description\" content=\"Guia de pesca sub em Porto de Galinhas: sa\u00eddas com dupla nativa, equipamentos dispon\u00edveis e planejamento seguro em mar aberto ou costeira.\" \/>\n<meta property=\"og:url\" content=\"https:\/\/experiencingporto.com\/es\/guia-de-pesca-sub\/\" \/>\n<meta property=\"og:site_name\" content=\"Experiencing Porto\" \/>\n<meta property=\"article:publisher\" content=\"https:\/\/www.facebook.com\/experiencingporto\/\" \/>\n<meta property=\"article:modified_time\" content=\"2025-09-24T15:15:08+00:00\" \/>\n<meta property=\"og:image\" content=\"https:\/\/experiencingporto.com\/wp-content\/uploads\/2025\/08\/WhatsApp-Image-2025-08-28-at-14.04.31.jpeg\" \/>\n\t<meta property=\"og:image:width\" content=\"804\" \/>\n\t<meta property=\"og:image:height\" content=\"1372\" \/>\n\t<meta property=\"og:image:type\" content=\"image\/jpeg\" \/>\n<meta name=\"twitter:card\" content=\"summary_large_image\" \/>\n<meta name=\"twitter:label1\" content=\"Est. reading time\" \/>\n\t<meta name=\"twitter:data1\" content=\"2 minutos\" \/>\n<script type=\"application\/ld+json\" class=\"yoast-schema-graph\">{\"@context\":\"https:\\\/\\\/schema.org\",\"@graph\":[{\"@type\":\"WebPage\",\"@id\":\"https:\\\/\\\/experiencingporto.com\\\/guia-de-pesca-sub\\\/\",\"url\":\"https:\\\/\\\/experiencingporto.com\\\/guia-de-pesca-sub\\\/\",\"name\":\"Guia de Pesca Sub em Porto de Galinhas\",\"isPartOf\":{\"@id\":\"https:\\\/\\\/experiencingporto.com\\\/#website\"},\"primaryImageOfPage\":{\"@id\":\"https:\\\/\\\/experiencingporto.com\\\/guia-de-pesca-sub\\\/#primaryimage\"},\"image\":{\"@id\":\"https:\\\/\\\/experiencingporto.com\\\/guia-de-pesca-sub\\\/#primaryimage\"},\"thumbnailUrl\":\"https:\\\/\\\/i0.wp.com\\\/experiencingporto.com\\\/wp-content\\\/uploads\\\/2025\\\/08\\\/WhatsApp-Image-2025-08-28-at-14.04.31.jpeg?fit=804%2C1372&ssl=1\",\"datePublished\":\"2024-08-13T20:25:44+00:00\",\"dateModified\":\"2025-09-24T15:15:08+00:00\",\"description\":\"Guia de pesca sub em Porto de Galinhas: sa\u00eddas com dupla nativa, equipamentos dispon\u00edveis e planejamento seguro em mar aberto ou costeira.\",\"breadcrumb\":{\"@id\":\"https:\\\/\\\/experiencingporto.com\\\/guia-de-pesca-sub\\\/#breadcrumb\"},\"inLanguage\":\"es-UY\",\"potentialAction\":[{\"@type\":\"ReadAction\",\"target\":[\"https:\\\/\\\/experiencingporto.com\\\/guia-de-pesca-sub\\\/\"]}]},{\"@type\":\"ImageObject\",\"inLanguage\":\"es-UY\",\"@id\":\"https:\\\/\\\/experiencingporto.com\\\/guia-de-pesca-sub\\\/#primaryimage\",\"url\":\"https:\\\/\\\/i0.wp.com\\\/experiencingporto.com\\\/wp-content\\\/uploads\\\/2025\\\/08\\\/WhatsApp-Image-2025-08-28-at-14.04.31.jpeg?fit=804%2C1372&ssl=1\",\"contentUrl\":\"https:\\\/\\\/i0.wp.com\\\/experiencingporto.com\\\/wp-content\\\/uploads\\\/2025\\\/08\\\/WhatsApp-Image-2025-08-28-at-14.04.31.jpeg?fit=804%2C1372&ssl=1\",\"width\":804,\"height\":1372,\"caption\":\"Pesca sub em Porto de Galinhas\"},{\"@type\":\"BreadcrumbList\",\"@id\":\"https:\\\/\\\/experiencingporto.com\\\/guia-de-pesca-sub\\\/#breadcrumb\",\"itemListElement\":[{\"@type\":\"ListItem\",\"position\":1,\"name\":\"In\u00edcio\",\"item\":\"https:\\\/\\\/experiencingporto.com\\\/\"},{\"@type\":\"ListItem\",\"position\":2,\"name\":\"Sa\u00edda de Pesca Sub em Porto de Galinhas\"}]},{\"@type\":\"WebSite\",\"@id\":\"https:\\\/\\\/experiencingporto.com\\\/#website\",\"url\":\"https:\\\/\\\/experiencingporto.com\\\/\",\"name\":\"Experiencing Porto\",\"description\":\"Guia de experi\u00eancias em Porto de Galinhas. Uno conhecimentos sobre biologia, mergulho e saberes nativos para oferecer os melhores roteiros neste para\u00edso. \",\"potentialAction\":[{\"@type\":\"SearchAction\",\"target\":{\"@type\":\"EntryPoint\",\"urlTemplate\":\"https:\\\/\\\/experiencingporto.com\\\/?s={search_term_string}\"},\"query-input\":{\"@type\":\"PropertyValueSpecification\",\"valueRequired\":true,\"valueName\":\"search_term_string\"}}],\"inLanguage\":\"es-UY\"}]}<\/script>\n<!-- \/ Yoast SEO plugin. -->","yoast_head_json":{"title":"Gu\u00eda de Pesca Submarina en Porto de Galinhas","description":"Guia de pesca sub em Porto de Galinhas: sa\u00eddas com dupla nativa, equipamentos dispon\u00edveis e planejamento seguro em mar aberto ou costeira.","robots":{"index":"index","follow":"follow","max-snippet":"max-snippet:-1","max-image-preview":"max-image-preview:large","max-video-preview":"max-video-preview:-1"},"canonical":"https:\/\/experiencingporto.com\/es\/guia-de-pesca-sub\/","og_locale":"es_ES","og_type":"article","og_title":"Guia de Pesca Sub em Porto de Galinhas","og_description":"Guia de pesca sub em Porto de Galinhas: sa\u00eddas com dupla nativa, equipamentos dispon\u00edveis e planejamento seguro em mar aberto ou costeira.","og_url":"https:\/\/experiencingporto.com\/es\/guia-de-pesca-sub\/","og_site_name":"Experiencing Porto","article_publisher":"https:\/\/www.facebook.com\/experiencingporto\/","article_modified_time":"2025-09-24T15:15:08+00:00","og_image":[{"width":804,"height":1372,"url":"https:\/\/experiencingporto.com\/wp-content\/uploads\/2025\/08\/WhatsApp-Image-2025-08-28-at-14.04.31.jpeg","type":"image\/jpeg"}],"twitter_card":"summary_large_image","twitter_misc":{"Est. reading time":"2 minutos"},"schema":{"@context":"https:\/\/schema.org","@graph":[{"@type":"WebPage","@id":"https:\/\/experiencingporto.com\/guia-de-pesca-sub\/","url":"https:\/\/experiencingporto.com\/guia-de-pesca-sub\/","name":"Gu\u00eda de Pesca Submarina en Porto de Galinhas","isPartOf":{"@id":"https:\/\/experiencingporto.com\/#website"},"primaryImageOfPage":{"@id":"https:\/\/experiencingporto.com\/guia-de-pesca-sub\/#primaryimage"},"image":{"@id":"https:\/\/experiencingporto.com\/guia-de-pesca-sub\/#primaryimage"},"thumbnailUrl":"https:\/\/i0.wp.com\/experiencingporto.com\/wp-content\/uploads\/2025\/08\/WhatsApp-Image-2025-08-28-at-14.04.31.jpeg?fit=804%2C1372&ssl=1","datePublished":"2024-08-13T20:25:44+00:00","dateModified":"2025-09-24T15:15:08+00:00","description":"Guia de pesca sub em Porto de Galinhas: sa\u00eddas com dupla nativa, equipamentos dispon\u00edveis e planejamento seguro em mar aberto ou costeira.","breadcrumb":{"@id":"https:\/\/experiencingporto.com\/guia-de-pesca-sub\/#breadcrumb"},"inLanguage":"es-UY","potentialAction":[{"@type":"ReadAction","target":["https:\/\/experiencingporto.com\/guia-de-pesca-sub\/"]}]},{"@type":"ImageObject","inLanguage":"es-UY","@id":"https:\/\/experiencingporto.com\/guia-de-pesca-sub\/#primaryimage","url":"https:\/\/i0.wp.com\/experiencingporto.com\/wp-content\/uploads\/2025\/08\/WhatsApp-Image-2025-08-28-at-14.04.31.jpeg?fit=804%2C1372&ssl=1","contentUrl":"https:\/\/i0.wp.com\/experiencingporto.com\/wp-content\/uploads\/2025\/08\/WhatsApp-Image-2025-08-28-at-14.04.31.jpeg?fit=804%2C1372&ssl=1","width":804,"height":1372,"caption":"Pesca sub em Porto de Galinhas"},{"@type":"BreadcrumbList","@id":"https:\/\/experiencingporto.com\/guia-de-pesca-sub\/#breadcrumb","itemListElement":[{"@type":"ListItem","position":1,"name":"In\u00edcio","item":"https:\/\/experiencingporto.com\/"},{"@type":"ListItem","position":2,"name":"Sa\u00edda de Pesca Sub em Porto de Galinhas"}]},{"@type":"WebSite","@id":"https:\/\/experiencingporto.com\/#website","url":"https:\/\/experiencingporto.com\/","name":"Experiencing Porto","description":"Guia de experi\u00eancias em Porto de Galinhas. Uno conhecimentos sobre biologia, mergulho e saberes nativos para oferecer os melhores roteiros neste para\u00edso.","potentialAction":[{"@type":"SearchAction","target":{"@type":"EntryPoint","urlTemplate":"https:\/\/experiencingporto.com\/?s={search_term_string}"},"query-input":{"@type":"PropertyValueSpecification","valueRequired":true,"valueName":"search_term_string"}}],"inLanguage":"es-UY"}]}},"jetpack_sharing_enabled":true,"_links":{"self":[{"href":"https:\/\/experiencingporto.com\/es\/wp-json\/wp\/v2\/pages\/68","targetHints":{"allow":["GET"]}}],"collection":[{"href":"https:\/\/experiencingporto.com\/es\/wp-json\/wp\/v2\/pages"}],"about":[{"href":"https:\/\/experiencingporto.com\/es\/wp-json\/wp\/v2\/types\/page"}],"author":[{"embeddable":true,"href":"https:\/\/experiencingporto.com\/es\/wp-json\/wp\/v2\/users\/1"}],"replies":[{"embeddable":true,"href":"https:\/\/experiencingporto.com\/es\/wp-json\/wp\/v2\/comments?post=68"}],"version-history":[{"count":5,"href":"https:\/\/experiencingporto.com\/es\/wp-json\/wp\/v2\/pages\/68\/revisions"}],"predecessor-version":[{"id":374,"href":"https:\/\/experiencingporto.com\/es\/wp-json\/wp\/v2\/pages\/68\/revisions\/374"}],"wp:featuredmedia":[{"embeddable":true,"href":"https:\/\/experiencingporto.com\/es\/wp-json\/wp\/v2\/media\/260"}],"wp:attachment":[{"href":"https:\/\/experiencingporto.com\/es\/wp-json\/wp\/v2\/media?parent=68"}],"curies":[{"name":"wp","href":"https:\/\/api.w.org\/{rel}","templated":true}]}}