{"id":63,"date":"2024-08-06T21:25:25","date_gmt":"2024-08-06T21:25:25","guid":{"rendered":"https:\/\/experiencingporto.com\/?page_id=63"},"modified":"2025-11-02T13:14:16","modified_gmt":"2025-11-02T13:14:16","slug":"trilha-ecologica-porto-de-galinhas","status":"publish","type":"page","link":"https:\/\/experiencingporto.com\/es\/trilha-ecologica-porto-de-galinhas\/","title":{"rendered":"Sendero Ecol\u00f3gico en Porto de Galinhas"},"content":{"rendered":"<div class=\"wp-block-buttons is-layout-flex wp-block-buttons-is-layout-flex\">\n<div class=\"wp-block-button\"><a class=\"wp-block-button__link wp-element-button\" href=\"https:\/\/wa.me\/message\/L6DO4T6ZZ7BFP1\">Reserve ahora por WhatsApp<\/a><\/div>\n<\/div>\n\n\n\n<div class=\"nfd-container nfd-text-md wp-block-group is-layout-constrained wp-container-core-group-is-layout-346627ba wp-block-group-is-layout-constrained\">\n<div class=\"nfd-max-w-prose wp-block-group is-vertical is-content-justification-stretch is-layout-flex wp-container-core-group-is-layout-353c4f5a wp-block-group-is-layout-flex\">\n<h2 class=\"wp-block-heading\">Lo que vas a vivir<\/h2>\n\n\n\n<ul class=\"wp-block-list\">\n<li class=\"\">Caminhada leve por 10 km (ida e volta) Porto de Galinhas &#8211; Oiteiro.<\/li>\n\n\n\n<li class=\"\">Contato direto com restinga, manguezal e rio (a trilha funciona como ref\u00fagio natural, abrigando esp\u00e9cies residentes e migrat\u00f3rias).<\/li>\n\n\n\n<li class=\"\">Historias de la comunidad y del per\u00edodo colonial.<\/li>\n\n\n\n<li class=\"\">Puesta de sol en el Baobab centenario.<\/li>\n\n\n\n<li class=\"\">Opci\u00f3n de realizar el paseo&nbsp;<strong>a pie o en bicicleta<\/strong>.<\/li>\n<\/ul>\n\n\n\n<h3 class=\"wp-block-heading\">\ud83d\udccdSobre el recorrido<\/h3>\n\n\n\n<ul class=\"wp-block-list\">\n<li class=\"\">Duraci\u00f3n: ~4 horas.<\/li>\n\n\n\n<li class=\"\">Distancia: 10 km ida y vuelta.<\/li>\n\n\n\n<li class=\"\">Possibilidade de adapta\u00e7\u00e3o para pessoas com mobilidade reduzida.<\/li>\n<\/ul>\n\n\n\n<h3 class=\"wp-block-heading\">\ud83c\udf92 Qu\u00e9 est\u00e1 incluido<\/h3>\n\n\n\n<ul class=\"wp-block-list\">\n<li class=\"\">Bicicletas (cuando se elige esa opci\u00f3n).<\/li>\n\n\n\n<li class=\"\">C\u00e1mara para registros.<\/li>\n\n\n\n<li class=\"\">Kit b\u00e1sico de primeros auxilios, protector solar y repelente.<\/li>\n<\/ul>\n\n\n\n<h3 class=\"wp-block-heading\">\u274c Qu\u00e9 no est\u00e1 incluido<\/h3>\n\n\n\n<ul class=\"wp-block-list\">\n<li class=\"\">Traslado hasta el punto de encuentro.<\/li>\n\n\n\n<li class=\"\">Alimentaci\u00f3n (hay paradas en mercados y tienditas locales).<\/li>\n<\/ul>\n\n\n\n<h3 class=\"wp-block-heading\">\ud83d\udc64 Sobre el gu\u00eda<\/h3>\n\n\n\n<p class=\"\">Guia nativo, bi\u00f3logo formado pela <a href=\"https:\/\/www.ufpe.br\">UFPE<\/a>, com experi\u00eancia em ecologia local e impactos do turismo. <\/p>\n\n\n\n<h4 class=\"wp-block-heading\">\ud83d\udcb0 Valores y reservas<\/h4>\n\n\n\n<ul class=\"wp-block-list\">\n<li class=\"\">A p\u00e9: R$100 por pessoa.<\/li>\n\n\n\n<li class=\"\">De bicicleta: R$130 por pessoa.<\/li>\n\n\n\n<li class=\"\">Reserva con 50% por adelantado (de preferencia: 48h antes).<\/li>\n\n\n\n<li class=\"\">Pago v\u00eda Pix, transferencia o efectivo.<\/li>\n\n\n\n<li class=\"\">Cancelaci\u00f3n: sin reembolso, pero se puede reprogramar siempre que no afecte las reservas de terceros.<\/li>\n\n\n\n<li class=\"\">Descuentos para grupos.<\/li>\n<\/ul>\n\n\n\n<div class=\"wp-block-buttons is-layout-flex wp-block-buttons-is-layout-flex\">\n<div class=\"wp-block-button\"><a class=\"wp-block-button__link wp-element-button\" href=\"https:\/\/wa.me\/message\/L6DO4T6ZZ7BFP1\">Reserve ahora por WhatsApp<\/a><\/div>\n<\/div>\n<\/div>\n<\/div>\n\n\n\n<p class=\"\"><\/p>\n\n\n\n<p class=\"\"><\/p>","protected":false},"excerpt":{"rendered":"<p>O que voc\u00ea vai viver &#x1f4cd;Sobre o roteiro &#x1f392; O que est\u00e1 incluso &#x274c; O que n\u00e3o est\u00e1 incluso &#x1f464; Sobre o guia Guia nativo, bi\u00f3logo formado pela UFPE, com experi\u00eancia em ecologia local e impactos do turismo. &#x1f4b0; Valores e reservas<\/p>","protected":false},"author":1,"featured_media":187,"parent":0,"menu_order":0,"comment_status":"closed","ping_status":"closed","template":"","meta":{"nf_dc_page":"","om_disable_all_campaigns":false,"footnotes":""},"class_list":["post-63","page","type-page","status-publish","has-post-thumbnail","hentry"],"yoast_head":"<!-- This site is optimized with the Yoast SEO plugin v27.6 - https:\/\/yoast.com\/product\/yoast-seo-wordpress\/ -->\n<title>Trilha Ecol\u00f3gica em Porto de Galinhas<\/title>\n<meta name=\"description\" content=\"Explore Porto de Galinhas al\u00e9m das praias. Trilha ecol\u00f3gica por restinga, manguezal e banho de rio, com p\u00f4r do sol no Baob\u00e1 centen\u00e1rio.\" \/>\n<meta name=\"robots\" content=\"index, follow, max-snippet:-1, max-image-preview:large, max-video-preview:-1\" \/>\n<link rel=\"canonical\" href=\"https:\/\/experiencingporto.com\/es\/trilha-ecologica-porto-de-galinhas\/\" \/>\n<meta property=\"og:locale\" content=\"es_ES\" \/>\n<meta property=\"og:type\" content=\"article\" \/>\n<meta property=\"og:title\" content=\"Trilha Ecol\u00f3gica em Porto de Galinhas\" \/>\n<meta property=\"og:description\" content=\"Explore Porto de Galinhas al\u00e9m das praias. Trilha ecol\u00f3gica por restinga, manguezal e banho de rio, com p\u00f4r do sol no Baob\u00e1 centen\u00e1rio.\" \/>\n<meta property=\"og:url\" content=\"https:\/\/experiencingporto.com\/es\/trilha-ecologica-porto-de-galinhas\/\" \/>\n<meta property=\"og:site_name\" content=\"Experiencing Porto\" \/>\n<meta property=\"article:publisher\" content=\"https:\/\/www.facebook.com\/experiencingporto\/\" \/>\n<meta property=\"article:modified_time\" content=\"2025-11-02T13:14:16+00:00\" \/>\n<meta property=\"og:image\" content=\"https:\/\/experiencingporto.com\/wp-content\/uploads\/2025\/03\/WhatsApp-Image-2025-03-16-at-11.52.27-scaled.jpeg\" \/>\n\t<meta property=\"og:image:width\" content=\"1444\" \/>\n\t<meta property=\"og:image:height\" content=\"2560\" \/>\n\t<meta property=\"og:image:type\" content=\"image\/jpeg\" \/>\n<meta name=\"twitter:card\" content=\"summary_large_image\" \/>\n<meta name=\"twitter:label1\" content=\"Est. reading time\" \/>\n\t<meta name=\"twitter:data1\" content=\"2 minutos\" \/>\n<script type=\"application\/ld+json\" class=\"yoast-schema-graph\">{\"@context\":\"https:\\\/\\\/schema.org\",\"@graph\":[{\"@type\":\"WebPage\",\"@id\":\"https:\\\/\\\/experiencingporto.com\\\/trilha-ecologica-porto-de-galinhas\\\/\",\"url\":\"https:\\\/\\\/experiencingporto.com\\\/trilha-ecologica-porto-de-galinhas\\\/\",\"name\":\"Trilha Ecol\u00f3gica em Porto de Galinhas\",\"isPartOf\":{\"@id\":\"https:\\\/\\\/experiencingporto.com\\\/#website\"},\"primaryImageOfPage\":{\"@id\":\"https:\\\/\\\/experiencingporto.com\\\/trilha-ecologica-porto-de-galinhas\\\/#primaryimage\"},\"image\":{\"@id\":\"https:\\\/\\\/experiencingporto.com\\\/trilha-ecologica-porto-de-galinhas\\\/#primaryimage\"},\"thumbnailUrl\":\"https:\\\/\\\/i0.wp.com\\\/experiencingporto.com\\\/wp-content\\\/uploads\\\/2025\\\/03\\\/WhatsApp-Image-2025-03-16-at-11.52.27-scaled.jpeg?fit=1444%2C2560&ssl=1\",\"datePublished\":\"2024-08-06T21:25:25+00:00\",\"dateModified\":\"2025-11-02T13:14:16+00:00\",\"description\":\"Explore Porto de Galinhas al\u00e9m das praias. Trilha ecol\u00f3gica por restinga, manguezal e banho de rio, com p\u00f4r do sol no Baob\u00e1 centen\u00e1rio.\",\"breadcrumb\":{\"@id\":\"https:\\\/\\\/experiencingporto.com\\\/trilha-ecologica-porto-de-galinhas\\\/#breadcrumb\"},\"inLanguage\":\"es-UY\",\"potentialAction\":[{\"@type\":\"ReadAction\",\"target\":[\"https:\\\/\\\/experiencingporto.com\\\/trilha-ecologica-porto-de-galinhas\\\/\"]}]},{\"@type\":\"ImageObject\",\"inLanguage\":\"es-UY\",\"@id\":\"https:\\\/\\\/experiencingporto.com\\\/trilha-ecologica-porto-de-galinhas\\\/#primaryimage\",\"url\":\"https:\\\/\\\/i0.wp.com\\\/experiencingporto.com\\\/wp-content\\\/uploads\\\/2025\\\/03\\\/WhatsApp-Image-2025-03-16-at-11.52.27-scaled.jpeg?fit=1444%2C2560&ssl=1\",\"contentUrl\":\"https:\\\/\\\/i0.wp.com\\\/experiencingporto.com\\\/wp-content\\\/uploads\\\/2025\\\/03\\\/WhatsApp-Image-2025-03-16-at-11.52.27-scaled.jpeg?fit=1444%2C2560&ssl=1\",\"width\":1444,\"height\":2560,\"caption\":\"Trilha ecol\u00f3gica em Porto de Galinhas\"},{\"@type\":\"BreadcrumbList\",\"@id\":\"https:\\\/\\\/experiencingporto.com\\\/trilha-ecologica-porto-de-galinhas\\\/#breadcrumb\",\"itemListElement\":[{\"@type\":\"ListItem\",\"position\":1,\"name\":\"In\u00edcio\",\"item\":\"https:\\\/\\\/experiencingporto.com\\\/\"},{\"@type\":\"ListItem\",\"position\":2,\"name\":\"Trilha Ecol\u00f3gica em Porto de Galinhas\"}]},{\"@type\":\"WebSite\",\"@id\":\"https:\\\/\\\/experiencingporto.com\\\/#website\",\"url\":\"https:\\\/\\\/experiencingporto.com\\\/\",\"name\":\"Experiencing Porto\",\"description\":\"Guia de experi\u00eancias em Porto de Galinhas. Uno conhecimentos sobre biologia, mergulho e saberes nativos para oferecer os melhores roteiros neste para\u00edso. \",\"potentialAction\":[{\"@type\":\"SearchAction\",\"target\":{\"@type\":\"EntryPoint\",\"urlTemplate\":\"https:\\\/\\\/experiencingporto.com\\\/?s={search_term_string}\"},\"query-input\":{\"@type\":\"PropertyValueSpecification\",\"valueRequired\":true,\"valueName\":\"search_term_string\"}}],\"inLanguage\":\"es-UY\"}]}<\/script>\n<!-- \/ Yoast SEO plugin. -->","yoast_head_json":{"title":"Sendero Ecol\u00f3gico en Porto de Galinhas","description":"Explore Porto de Galinhas al\u00e9m das praias. Trilha ecol\u00f3gica por restinga, manguezal e banho de rio, com p\u00f4r do sol no Baob\u00e1 centen\u00e1rio.","robots":{"index":"index","follow":"follow","max-snippet":"max-snippet:-1","max-image-preview":"max-image-preview:large","max-video-preview":"max-video-preview:-1"},"canonical":"https:\/\/experiencingporto.com\/es\/trilha-ecologica-porto-de-galinhas\/","og_locale":"es_ES","og_type":"article","og_title":"Trilha Ecol\u00f3gica em Porto de Galinhas","og_description":"Explore Porto de Galinhas al\u00e9m das praias. Trilha ecol\u00f3gica por restinga, manguezal e banho de rio, com p\u00f4r do sol no Baob\u00e1 centen\u00e1rio.","og_url":"https:\/\/experiencingporto.com\/es\/trilha-ecologica-porto-de-galinhas\/","og_site_name":"Experiencing Porto","article_publisher":"https:\/\/www.facebook.com\/experiencingporto\/","article_modified_time":"2025-11-02T13:14:16+00:00","og_image":[{"width":1444,"height":2560,"url":"https:\/\/experiencingporto.com\/wp-content\/uploads\/2025\/03\/WhatsApp-Image-2025-03-16-at-11.52.27-scaled.jpeg","type":"image\/jpeg"}],"twitter_card":"summary_large_image","twitter_misc":{"Est. reading time":"2 minutos"},"schema":{"@context":"https:\/\/schema.org","@graph":[{"@type":"WebPage","@id":"https:\/\/experiencingporto.com\/trilha-ecologica-porto-de-galinhas\/","url":"https:\/\/experiencingporto.com\/trilha-ecologica-porto-de-galinhas\/","name":"Sendero Ecol\u00f3gico en Porto de Galinhas","isPartOf":{"@id":"https:\/\/experiencingporto.com\/#website"},"primaryImageOfPage":{"@id":"https:\/\/experiencingporto.com\/trilha-ecologica-porto-de-galinhas\/#primaryimage"},"image":{"@id":"https:\/\/experiencingporto.com\/trilha-ecologica-porto-de-galinhas\/#primaryimage"},"thumbnailUrl":"https:\/\/i0.wp.com\/experiencingporto.com\/wp-content\/uploads\/2025\/03\/WhatsApp-Image-2025-03-16-at-11.52.27-scaled.jpeg?fit=1444%2C2560&ssl=1","datePublished":"2024-08-06T21:25:25+00:00","dateModified":"2025-11-02T13:14:16+00:00","description":"Explore Porto de Galinhas al\u00e9m das praias. Trilha ecol\u00f3gica por restinga, manguezal e banho de rio, com p\u00f4r do sol no Baob\u00e1 centen\u00e1rio.","breadcrumb":{"@id":"https:\/\/experiencingporto.com\/trilha-ecologica-porto-de-galinhas\/#breadcrumb"},"inLanguage":"es-UY","potentialAction":[{"@type":"ReadAction","target":["https:\/\/experiencingporto.com\/trilha-ecologica-porto-de-galinhas\/"]}]},{"@type":"ImageObject","inLanguage":"es-UY","@id":"https:\/\/experiencingporto.com\/trilha-ecologica-porto-de-galinhas\/#primaryimage","url":"https:\/\/i0.wp.com\/experiencingporto.com\/wp-content\/uploads\/2025\/03\/WhatsApp-Image-2025-03-16-at-11.52.27-scaled.jpeg?fit=1444%2C2560&ssl=1","contentUrl":"https:\/\/i0.wp.com\/experiencingporto.com\/wp-content\/uploads\/2025\/03\/WhatsApp-Image-2025-03-16-at-11.52.27-scaled.jpeg?fit=1444%2C2560&ssl=1","width":1444,"height":2560,"caption":"Trilha ecol\u00f3gica em Porto de Galinhas"},{"@type":"BreadcrumbList","@id":"https:\/\/experiencingporto.com\/trilha-ecologica-porto-de-galinhas\/#breadcrumb","itemListElement":[{"@type":"ListItem","position":1,"name":"In\u00edcio","item":"https:\/\/experiencingporto.com\/"},{"@type":"ListItem","position":2,"name":"Trilha Ecol\u00f3gica em Porto de Galinhas"}]},{"@type":"WebSite","@id":"https:\/\/experiencingporto.com\/#website","url":"https:\/\/experiencingporto.com\/","name":"Experiencing Porto","description":"Guia de experi\u00eancias em Porto de Galinhas. Uno conhecimentos sobre biologia, mergulho e saberes nativos para oferecer os melhores roteiros neste para\u00edso.","potentialAction":[{"@type":"SearchAction","target":{"@type":"EntryPoint","urlTemplate":"https:\/\/experiencingporto.com\/?s={search_term_string}"},"query-input":{"@type":"PropertyValueSpecification","valueRequired":true,"valueName":"search_term_string"}}],"inLanguage":"es-UY"}]}},"jetpack_sharing_enabled":true,"_links":{"self":[{"href":"https:\/\/experiencingporto.com\/es\/wp-json\/wp\/v2\/pages\/63","targetHints":{"allow":["GET"]}}],"collection":[{"href":"https:\/\/experiencingporto.com\/es\/wp-json\/wp\/v2\/pages"}],"about":[{"href":"https:\/\/experiencingporto.com\/es\/wp-json\/wp\/v2\/types\/page"}],"author":[{"embeddable":true,"href":"https:\/\/experiencingporto.com\/es\/wp-json\/wp\/v2\/users\/1"}],"replies":[{"embeddable":true,"href":"https:\/\/experiencingporto.com\/es\/wp-json\/wp\/v2\/comments?post=63"}],"version-history":[{"count":5,"href":"https:\/\/experiencingporto.com\/es\/wp-json\/wp\/v2\/pages\/63\/revisions"}],"predecessor-version":[{"id":404,"href":"https:\/\/experiencingporto.com\/es\/wp-json\/wp\/v2\/pages\/63\/revisions\/404"}],"wp:featuredmedia":[{"embeddable":true,"href":"https:\/\/experiencingporto.com\/es\/wp-json\/wp\/v2\/media\/187"}],"wp:attachment":[{"href":"https:\/\/experiencingporto.com\/es\/wp-json\/wp\/v2\/media?parent=63"}],"curies":[{"name":"wp","href":"https:\/\/api.w.org\/{rel}","templated":true}]}}