{"id":61,"date":"2024-08-06T21:13:41","date_gmt":"2024-08-06T21:13:41","guid":{"rendered":"https:\/\/experiencingporto.com\/?page_id=61"},"modified":"2025-11-02T13:08:58","modified_gmt":"2025-11-02T13:08:58","slug":"mergulho-livre-porto-de-galinhas","status":"publish","type":"page","link":"https:\/\/experiencingporto.com\/es\/mergulho-livre-porto-de-galinhas\/","title":{"rendered":"Freediving en Porto de Galinhas"},"content":{"rendered":"<div class=\"wp-block-buttons is-layout-flex wp-block-buttons-is-layout-flex\">\n<div class=\"wp-block-button\"><a class=\"wp-block-button__link wp-element-button\" href=\"https:\/\/wa.me\/message\/L6DO4T6ZZ7BFP1\">Reserve ahora por WhatsApp<\/a><\/div>\n<\/div>\n\n\n\n<div class=\"nfd-container nfd-text-md wp-block-group is-layout-constrained wp-container-core-group-is-layout-346627ba wp-block-group-is-layout-constrained\">\n<div class=\"nfd-max-w-prose wp-block-group is-vertical is-content-justification-stretch is-layout-flex wp-container-core-group-is-layout-353c4f5a wp-block-group-is-layout-flex\">\n<p class=\"\">Vive una de las experiencias m\u00e1s aut\u00e9nticas en <a href=\"https:\/\/ipojuca.pe.gov.br\/visite-ipojuca\/porto-de-galinhas\/\">Porto de Galinhas<\/a>: el <strong>freediving en las piscinas naturales.<\/strong>Con aguas cristalinas, una rica vida marina y la gu\u00eda de un buzo local, este paseo es la elecci\u00f3n perfecta para quienes buscan el contacto directo con la naturaleza.<\/p>\n\n\n\n<h2 class=\"wp-block-heading\">\u00bfPor qu\u00e9 elegir nuestra experiencia de freediving?<\/h2>\n\n\n\n<ul class=\"wp-block-list\">\n<li class=\"\">Gu\u00eda local acreditado por PADI.<\/li>\n\n\n\n<li class=\"\">Usamos t\u00e9cnicas simples para una experiencia segura.<\/li>\n\n\n\n<li class=\"\">Itinerario aut\u00e9ntico y apartado del turismo de masa.<\/li>\n\n\n\n<li class=\"\">Fotos y videos con GoPro incluidos.<\/li>\n<\/ul>\n\n\n\n<h3 class=\"wp-block-heading\">\ud83d\udccdDetalles de la experiencia<\/h3>\n\n\n\n<ul class=\"wp-block-list\">\n<li class=\"\">Duraci\u00f3n: ~3 horas.<\/li>\n\n\n\n<li class=\"\">Ecuentro: 1h30 antes de la marea baja.<\/li>\n\n\n\n<li class=\"\">Profundidad: entre 1,5 m y 10 m.<\/li>\n\n\n\n<li class=\"\">No es necesario saber nadar (uso de boya y chalecos salvavidas).<\/li>\n<\/ul>\n\n\n\n<h3 class=\"wp-block-heading\">\u26a0\ufe0f Qu\u00e9 llevar y cuidados<\/h3>\n\n\n\n<ul class=\"wp-block-list\">\n<li class=\"\">Protector solar y agua para hidrataci\u00f3n.<\/li>\n\n\n\n<li class=\"\">Est\u00e1 prohibido alimentar a la fauna marina y retirar corales o conchas marinas.<\/li>\n<\/ul>\n\n\n\n<h3 class=\"wp-block-heading\">\ud83c\udf92 Qu\u00e9 est\u00e1 incluido<\/h3>\n\n\n\n<ul class=\"wp-block-list\">\n<li class=\"\">M\u00e1scara, snorkel y chaleco salvavidas.<\/li>\n\n\n\n<li class=\"\">Boyas de apoyo y se\u00f1alizaci\u00f3n.<\/li>\n\n\n\n<li class=\"\">GoPro para registro de la experiencia.<\/li>\n\n\n\n<li class=\"\">Bolsa estanque para art\u00edculos b\u00e1sicos.<\/li>\n<\/ul>\n\n\n\n<h3 class=\"wp-block-heading\">\u274c Qu\u00e9 no est\u00e1 incluido<\/h3>\n\n\n\n<ul class=\"wp-block-list\">\n<li class=\"\">Traslado hasta el punto de encuentro.<\/li>\n\n\n\n<li class=\"\">Embarcaci\u00f3n de apoyo.<\/li>\n\n\n\n<li class=\"\">Equipo de buceo aut\u00f3nomo (tanque de ox\u00edgeno).<\/li>\n\n\n\n<li class=\"\">Equipo de pesca.<\/li>\n<\/ul>\n\n\n\n<h3 class=\"wp-block-heading\">\ud83d\udc64 Sobre el gu\u00eda<\/h3>\n\n\n\n<p class=\"\">Renan Bernardo es bi\u00f3logo y Divemaster certificado por PADI, con cursos de rescate, primeros auxilios y guardavidas. <\/p>\n\n\n\n<h3 class=\"wp-block-heading\">\ud83d\udcb0 Valores y reservas<\/h3>\n\n\n\n<ul class=\"wp-block-list\">\n<li class=\"\">R$ 100 por persona.<\/li>\n\n\n\n<li class=\"\">Reserva con 50% del valor anticipado.<\/li>\n\n\n\n<li class=\"\">Pago v\u00eda Pix, transferencia o efectivo.<\/li>\n\n\n\n<li class=\"\">Cancelaci\u00f3n: sin reembolso, pero se puede reprogramar siempre que no afecte las reservas de terceros.<\/li>\n<\/ul>\n\n\n\n<div class=\"wp-block-buttons is-layout-flex wp-block-buttons-is-layout-flex\">\n<div class=\"wp-block-button\"><a class=\"wp-block-button__link wp-element-button\" href=\"https:\/\/wa.me\/message\/L6DO4T6ZZ7BFP1\">Reserve ahora por WhatsApp<\/a><\/div>\n<\/div>\n<\/div>\n<\/div>\n\n\n\n<p class=\"\"><\/p>","protected":false},"excerpt":{"rendered":"<p>Viva uma das experi\u00eancias mais aut\u00eanticas de Porto de Galinhas: o mergulho livre nas piscinas naturais. Com \u00e1guas cristalinas, uma rica vida marinha e acompanhamento de guia e mergulhador local, este passeio \u00e9 a escolha perfeita para quem busca contato direto com a natureza. Por que escolher nosso mergulho livre? &#x1f4cd;Detalhes do roteiro &#x26a0;&#xfe0f; O [&hellip;]<\/p>\n","protected":false},"author":1,"featured_media":225,"parent":0,"menu_order":0,"comment_status":"closed","ping_status":"closed","template":"","meta":{"nf_dc_page":"","om_disable_all_campaigns":false,"footnotes":""},"class_list":["post-61","page","type-page","status-publish","has-post-thumbnail","hentry"],"yoast_head":"<!-- This site is optimized with the Yoast SEO plugin v27.6 - https:\/\/yoast.com\/product\/yoast-seo-wordpress\/ -->\n<title>Mergulho Livre em Porto de Galinhas<\/title>\n<meta name=\"description\" content=\"Experi\u00eancia de mergulho livre em Porto de Galinhas com guia local. Equipamentos inclusos e roteiro exclusivo. Garanta sua reserva!\" \/>\n<meta name=\"robots\" content=\"index, follow, max-snippet:-1, max-image-preview:large, max-video-preview:-1\" \/>\n<link rel=\"canonical\" href=\"https:\/\/experiencingporto.com\/es\/mergulho-livre-porto-de-galinhas\/\" \/>\n<meta property=\"og:locale\" content=\"es_ES\" \/>\n<meta property=\"og:type\" content=\"article\" \/>\n<meta property=\"og:title\" content=\"Mergulho Livre em Porto de Galinhas\" \/>\n<meta property=\"og:description\" content=\"Experi\u00eancia de mergulho livre em Porto de Galinhas com guia local. Equipamentos inclusos e roteiro exclusivo. Garanta sua reserva!\" \/>\n<meta property=\"og:url\" content=\"https:\/\/experiencingporto.com\/es\/mergulho-livre-porto-de-galinhas\/\" \/>\n<meta property=\"og:site_name\" content=\"Experiencing Porto\" \/>\n<meta property=\"article:publisher\" content=\"https:\/\/www.facebook.com\/experiencingporto\/\" \/>\n<meta property=\"article:modified_time\" content=\"2025-11-02T13:08:58+00:00\" \/>\n<meta property=\"og:image\" content=\"https:\/\/experiencingporto.com\/wp-content\/uploads\/2025\/08\/WhatsApp-Image-2025-08-11-at-15.05.56-2.jpeg\" \/>\n\t<meta property=\"og:image:width\" content=\"1600\" \/>\n\t<meta property=\"og:image:height\" content=\"1200\" \/>\n\t<meta property=\"og:image:type\" content=\"image\/jpeg\" \/>\n<meta name=\"twitter:card\" content=\"summary_large_image\" \/>\n<meta name=\"twitter:label1\" content=\"Est. reading time\" \/>\n\t<meta name=\"twitter:data1\" content=\"2 minutos\" \/>\n<script type=\"application\/ld+json\" class=\"yoast-schema-graph\">{\"@context\":\"https:\\\/\\\/schema.org\",\"@graph\":[{\"@type\":\"WebPage\",\"@id\":\"https:\\\/\\\/experiencingporto.com\\\/mergulho-livre-porto-de-galinhas\\\/\",\"url\":\"https:\\\/\\\/experiencingporto.com\\\/mergulho-livre-porto-de-galinhas\\\/\",\"name\":\"Mergulho Livre em Porto de Galinhas\",\"isPartOf\":{\"@id\":\"https:\\\/\\\/experiencingporto.com\\\/#website\"},\"primaryImageOfPage\":{\"@id\":\"https:\\\/\\\/experiencingporto.com\\\/mergulho-livre-porto-de-galinhas\\\/#primaryimage\"},\"image\":{\"@id\":\"https:\\\/\\\/experiencingporto.com\\\/mergulho-livre-porto-de-galinhas\\\/#primaryimage\"},\"thumbnailUrl\":\"https:\\\/\\\/i0.wp.com\\\/experiencingporto.com\\\/wp-content\\\/uploads\\\/2025\\\/08\\\/WhatsApp-Image-2025-08-11-at-15.05.56-2.jpeg?fit=1600%2C1200&ssl=1\",\"datePublished\":\"2024-08-06T21:13:41+00:00\",\"dateModified\":\"2025-11-02T13:08:58+00:00\",\"description\":\"Experi\u00eancia de mergulho livre em Porto de Galinhas com guia local. Equipamentos inclusos e roteiro exclusivo. Garanta sua reserva!\",\"breadcrumb\":{\"@id\":\"https:\\\/\\\/experiencingporto.com\\\/mergulho-livre-porto-de-galinhas\\\/#breadcrumb\"},\"inLanguage\":\"es-UY\",\"potentialAction\":[{\"@type\":\"ReadAction\",\"target\":[\"https:\\\/\\\/experiencingporto.com\\\/mergulho-livre-porto-de-galinhas\\\/\"]}]},{\"@type\":\"ImageObject\",\"inLanguage\":\"es-UY\",\"@id\":\"https:\\\/\\\/experiencingporto.com\\\/mergulho-livre-porto-de-galinhas\\\/#primaryimage\",\"url\":\"https:\\\/\\\/i0.wp.com\\\/experiencingporto.com\\\/wp-content\\\/uploads\\\/2025\\\/08\\\/WhatsApp-Image-2025-08-11-at-15.05.56-2.jpeg?fit=1600%2C1200&ssl=1\",\"contentUrl\":\"https:\\\/\\\/i0.wp.com\\\/experiencingporto.com\\\/wp-content\\\/uploads\\\/2025\\\/08\\\/WhatsApp-Image-2025-08-11-at-15.05.56-2.jpeg?fit=1600%2C1200&ssl=1\",\"width\":1600,\"height\":1200,\"caption\":\"Mergulho livre em Porto de Galinhas\"},{\"@type\":\"BreadcrumbList\",\"@id\":\"https:\\\/\\\/experiencingporto.com\\\/mergulho-livre-porto-de-galinhas\\\/#breadcrumb\",\"itemListElement\":[{\"@type\":\"ListItem\",\"position\":1,\"name\":\"In\u00edcio\",\"item\":\"https:\\\/\\\/experiencingporto.com\\\/\"},{\"@type\":\"ListItem\",\"position\":2,\"name\":\"Mergulho Livre em Porto de Galinhas\"}]},{\"@type\":\"WebSite\",\"@id\":\"https:\\\/\\\/experiencingporto.com\\\/#website\",\"url\":\"https:\\\/\\\/experiencingporto.com\\\/\",\"name\":\"Experiencing Porto\",\"description\":\"Guia de experi\u00eancias em Porto de Galinhas. Uno conhecimentos sobre biologia, mergulho e saberes nativos para oferecer os melhores roteiros neste para\u00edso. \",\"potentialAction\":[{\"@type\":\"SearchAction\",\"target\":{\"@type\":\"EntryPoint\",\"urlTemplate\":\"https:\\\/\\\/experiencingporto.com\\\/?s={search_term_string}\"},\"query-input\":{\"@type\":\"PropertyValueSpecification\",\"valueRequired\":true,\"valueName\":\"search_term_string\"}}],\"inLanguage\":\"es-UY\"}]}<\/script>\n<!-- \/ Yoast SEO plugin. -->","yoast_head_json":{"title":"Freediving en Porto de Galinhas","description":"Experi\u00eancia de mergulho livre em Porto de Galinhas com guia local. Equipamentos inclusos e roteiro exclusivo. Garanta sua reserva!","robots":{"index":"index","follow":"follow","max-snippet":"max-snippet:-1","max-image-preview":"max-image-preview:large","max-video-preview":"max-video-preview:-1"},"canonical":"https:\/\/experiencingporto.com\/es\/mergulho-livre-porto-de-galinhas\/","og_locale":"es_ES","og_type":"article","og_title":"Mergulho Livre em Porto de Galinhas","og_description":"Experi\u00eancia de mergulho livre em Porto de Galinhas com guia local. Equipamentos inclusos e roteiro exclusivo. Garanta sua reserva!","og_url":"https:\/\/experiencingporto.com\/es\/mergulho-livre-porto-de-galinhas\/","og_site_name":"Experiencing Porto","article_publisher":"https:\/\/www.facebook.com\/experiencingporto\/","article_modified_time":"2025-11-02T13:08:58+00:00","og_image":[{"width":1600,"height":1200,"url":"https:\/\/experiencingporto.com\/wp-content\/uploads\/2025\/08\/WhatsApp-Image-2025-08-11-at-15.05.56-2.jpeg","type":"image\/jpeg"}],"twitter_card":"summary_large_image","twitter_misc":{"Est. reading time":"2 minutos"},"schema":{"@context":"https:\/\/schema.org","@graph":[{"@type":"WebPage","@id":"https:\/\/experiencingporto.com\/mergulho-livre-porto-de-galinhas\/","url":"https:\/\/experiencingporto.com\/mergulho-livre-porto-de-galinhas\/","name":"Freediving en Porto de Galinhas","isPartOf":{"@id":"https:\/\/experiencingporto.com\/#website"},"primaryImageOfPage":{"@id":"https:\/\/experiencingporto.com\/mergulho-livre-porto-de-galinhas\/#primaryimage"},"image":{"@id":"https:\/\/experiencingporto.com\/mergulho-livre-porto-de-galinhas\/#primaryimage"},"thumbnailUrl":"https:\/\/i0.wp.com\/experiencingporto.com\/wp-content\/uploads\/2025\/08\/WhatsApp-Image-2025-08-11-at-15.05.56-2.jpeg?fit=1600%2C1200&ssl=1","datePublished":"2024-08-06T21:13:41+00:00","dateModified":"2025-11-02T13:08:58+00:00","description":"Experi\u00eancia de mergulho livre em Porto de Galinhas com guia local. Equipamentos inclusos e roteiro exclusivo. Garanta sua reserva!","breadcrumb":{"@id":"https:\/\/experiencingporto.com\/mergulho-livre-porto-de-galinhas\/#breadcrumb"},"inLanguage":"es-UY","potentialAction":[{"@type":"ReadAction","target":["https:\/\/experiencingporto.com\/mergulho-livre-porto-de-galinhas\/"]}]},{"@type":"ImageObject","inLanguage":"es-UY","@id":"https:\/\/experiencingporto.com\/mergulho-livre-porto-de-galinhas\/#primaryimage","url":"https:\/\/i0.wp.com\/experiencingporto.com\/wp-content\/uploads\/2025\/08\/WhatsApp-Image-2025-08-11-at-15.05.56-2.jpeg?fit=1600%2C1200&ssl=1","contentUrl":"https:\/\/i0.wp.com\/experiencingporto.com\/wp-content\/uploads\/2025\/08\/WhatsApp-Image-2025-08-11-at-15.05.56-2.jpeg?fit=1600%2C1200&ssl=1","width":1600,"height":1200,"caption":"Mergulho livre em Porto de Galinhas"},{"@type":"BreadcrumbList","@id":"https:\/\/experiencingporto.com\/mergulho-livre-porto-de-galinhas\/#breadcrumb","itemListElement":[{"@type":"ListItem","position":1,"name":"In\u00edcio","item":"https:\/\/experiencingporto.com\/"},{"@type":"ListItem","position":2,"name":"Mergulho Livre em Porto de Galinhas"}]},{"@type":"WebSite","@id":"https:\/\/experiencingporto.com\/#website","url":"https:\/\/experiencingporto.com\/","name":"Experiencing Porto","description":"Guia de experi\u00eancias em Porto de Galinhas. Uno conhecimentos sobre biologia, mergulho e saberes nativos para oferecer os melhores roteiros neste para\u00edso.","potentialAction":[{"@type":"SearchAction","target":{"@type":"EntryPoint","urlTemplate":"https:\/\/experiencingporto.com\/?s={search_term_string}"},"query-input":{"@type":"PropertyValueSpecification","valueRequired":true,"valueName":"search_term_string"}}],"inLanguage":"es-UY"}]}},"jetpack_sharing_enabled":true,"_links":{"self":[{"href":"https:\/\/experiencingporto.com\/es\/wp-json\/wp\/v2\/pages\/61","targetHints":{"allow":["GET"]}}],"collection":[{"href":"https:\/\/experiencingporto.com\/es\/wp-json\/wp\/v2\/pages"}],"about":[{"href":"https:\/\/experiencingporto.com\/es\/wp-json\/wp\/v2\/types\/page"}],"author":[{"embeddable":true,"href":"https:\/\/experiencingporto.com\/es\/wp-json\/wp\/v2\/users\/1"}],"replies":[{"embeddable":true,"href":"https:\/\/experiencingporto.com\/es\/wp-json\/wp\/v2\/comments?post=61"}],"version-history":[{"count":5,"href":"https:\/\/experiencingporto.com\/es\/wp-json\/wp\/v2\/pages\/61\/revisions"}],"predecessor-version":[{"id":402,"href":"https:\/\/experiencingporto.com\/es\/wp-json\/wp\/v2\/pages\/61\/revisions\/402"}],"wp:featuredmedia":[{"embeddable":true,"href":"https:\/\/experiencingporto.com\/es\/wp-json\/wp\/v2\/media\/225"}],"wp:attachment":[{"href":"https:\/\/experiencingporto.com\/es\/wp-json\/wp\/v2\/media?parent=61"}],"curies":[{"name":"wp","href":"https:\/\/api.w.org\/{rel}","templated":true}]}}