{"id":265,"date":"2025-08-28T22:03:13","date_gmt":"2025-08-28T22:03:13","guid":{"rendered":"https:\/\/experiencingporto.com\/?page_id=265"},"modified":"2025-09-25T18:51:40","modified_gmt":"2025-09-25T18:51:40","slug":"vivencia-cultural-e-musical-de-maracatu-em-porto-de-galinhas","status":"publish","type":"page","link":"https:\/\/experiencingporto.com\/es\/vivencia-cultural-e-musical-de-maracatu-em-porto-de-galinhas\/","title":{"rendered":"Vivencia Cultural y Musical de Maracatu en Porto de Galinhas"},"content":{"rendered":"<p class=\"\">La <strong>vivencia de Maracatu en Porto de Galinhas<\/strong> conecta m\u00fasica, historia y comunidad en un encuentro lleno de ritmo y aprendizaje.<\/p>\n\n\n\n<h2 class=\"wp-block-heading\"><strong>Lo que vas a vivir<\/strong><\/h2>\n\n\n\n<ul class=\"wp-block-list\">\n<li class=\"\">Taller interactivo con Mestre local.<\/li>\n\n\n\n<li class=\"\">Conocimiento sobre la historia del Maracatu y sus ra\u00edces.<\/li>\n\n\n\n<li class=\"\">Experimentaci\u00f3n con la alfaia (instrumento tradicional).<\/li>\n\n\n\n<li class=\"\">Ensayo colectivo con el grupo Alfaias da Praia (sujeto al calendario del grupo).<\/li>\n\n\n\n<li class=\"\">Conexi\u00f3n con la comunidad e intercambio de saberes.<\/li>\n<\/ul>\n\n\n\n<h3 class=\"wp-block-heading\"><strong>\ud83d\udccd Detalles de la vivencia<\/strong><\/h3>\n\n\n\n<ul class=\"wp-block-list\">\n<li class=\"\">Duraci\u00f3n: 1:30 horas.<\/li>\n\n\n\n<li class=\"\">Local: Porto de Galinhas \u2013 Sede del Grupo de Maracatu Alfaias da Praia.<\/li>\n\n\n\n<li class=\"\">Actividad recomendada a partir de los 8 a\u00f1os.<\/li>\n\n\n\n<li class=\"\">No es necesario conocimiento previo en m\u00fasica.<\/li>\n<\/ul>\n\n\n\n<h3 class=\"wp-block-heading\"><strong>\ud83c\udf92 Qu\u00e9 est\u00e1 incluido<\/strong><\/h3>\n\n\n\n<ul class=\"wp-block-list\">\n<li class=\"\">Instrumentos musicales para la pr\u00e1ctica.<\/li>\n\n\n\n<li class=\"\">Orientaci\u00f3n de m\u00fasicos locales.<\/li>\n<\/ul>\n\n\n\n<h3 class=\"wp-block-heading\"><strong>\u274c Qu\u00e9 no est\u00e1 incluido<\/strong><\/h3>\n\n\n\n<ul class=\"wp-block-list\">\n<li class=\"\">Traslado hasta el local del taller.<\/li>\n\n\n\n<li class=\"\">Alimentaci\u00f3n.<\/li>\n<\/ul>\n\n\n\n<h3 class=\"wp-block-heading\"><strong>\ud83d\udc64 Sobre el anfitri\u00f3n<\/strong><\/h3>\n\n\n\n<p class=\"\">El taller es conducido <strong>por Ryan Oliveira<\/strong>, Mestre del Grupo Percusivo de Maracatu, Alfaias da Praia, de Porto de Galinhas y artista local.<\/p>\n\n\n\n<h3 class=\"wp-block-heading\"><strong>\ud83d\udcb0 Valores y reservas<\/strong><\/h3>\n\n\n\n<ul class=\"wp-block-list\">\n<li class=\"\">R$ 100 por persona.<\/li>\n\n\n\n<li class=\"\">Reserva con 50% del valor anticipado.<\/li>\n\n\n\n<li class=\"\">Pago v\u00eda Pix, transferencia o efectivo.<\/li>\n\n\n\n<li class=\"\">Cancelaci\u00f3n: sin reembolso, pero se puede reprogramar siempre que no afecte las reservas de terceros.<\/li>\n\n\n\n<li class=\"\">Descuentos para grupos.<\/li>\n<\/ul>\n\n\n\n<div class=\"wp-block-buttons is-layout-flex wp-block-buttons-is-layout-flex\">\n<div class=\"wp-block-button\"><a class=\"wp-block-button__link wp-element-button\" href=\"https:\/\/wa.me\/message\/L6DO4T6ZZ7BFP1\">Reserve ahora por WhatsApp<\/a><\/div>\n<\/div>","protected":false},"excerpt":{"rendered":"<p>A viv\u00eancia de Maracatu em Porto de Galinhas conecta m\u00fasica, hist\u00f3ria e comunidade local, em um encontro cheio de ritmo e aprendizado. O que voc\u00ea vai viver &#x1f4cd; Detalhes da viv\u00eancia &#x1f392; O que est\u00e1 incluso &#x274c; O que n\u00e3o est\u00e1 incluso &#x1f464; Sobre o anfitri\u00e3o A oficina \u00e9 conduzida por Ryan Oliveira, Mestre do [&hellip;]<\/p>\n","protected":false},"author":1,"featured_media":267,"parent":0,"menu_order":0,"comment_status":"closed","ping_status":"closed","template":"","meta":{"nf_dc_page":"","om_disable_all_campaigns":false,"footnotes":""},"class_list":["post-265","page","type-page","status-publish","has-post-thumbnail","hentry"],"yoast_head":"<!-- This site is optimized with the Yoast SEO plugin v27.6 - https:\/\/yoast.com\/product\/yoast-seo-wordpress\/ -->\n<title>Viv\u00eancia Cultural e Musical de Maracatu em Porto de Galinhas<\/title>\n<meta name=\"description\" content=\"Viv\u00eancia cultural e Musical de Maracatu em Porto de Galinhas: oficina de percuss\u00e3o tradicional e conex\u00e3o cultural com Mestre local.\" \/>\n<meta name=\"robots\" content=\"index, follow, max-snippet:-1, max-image-preview:large, max-video-preview:-1\" \/>\n<link rel=\"canonical\" href=\"https:\/\/experiencingporto.com\/es\/vivencia-cultural-e-musical-de-maracatu-em-porto-de-galinhas\/\" \/>\n<meta property=\"og:locale\" content=\"es_ES\" \/>\n<meta property=\"og:type\" content=\"article\" \/>\n<meta property=\"og:title\" content=\"Viv\u00eancia Cultural e Musical de Maracatu em Porto de Galinhas\" \/>\n<meta property=\"og:description\" content=\"Viv\u00eancia cultural e Musical de Maracatu em Porto de Galinhas: oficina de percuss\u00e3o tradicional e conex\u00e3o cultural com Mestre local.\" \/>\n<meta property=\"og:url\" content=\"https:\/\/experiencingporto.com\/es\/vivencia-cultural-e-musical-de-maracatu-em-porto-de-galinhas\/\" \/>\n<meta property=\"og:site_name\" content=\"Experiencing Porto\" \/>\n<meta property=\"article:publisher\" content=\"https:\/\/www.facebook.com\/experiencingporto\/\" \/>\n<meta property=\"article:modified_time\" content=\"2025-09-25T18:51:40+00:00\" \/>\n<meta property=\"og:image\" content=\"https:\/\/experiencingporto.com\/wp-content\/uploads\/2025\/08\/MCL_5044-2-scaled.jpg\" \/>\n\t<meta property=\"og:image:width\" content=\"2560\" \/>\n\t<meta property=\"og:image:height\" content=\"1438\" \/>\n\t<meta property=\"og:image:type\" content=\"image\/jpeg\" \/>\n<meta name=\"twitter:card\" content=\"summary_large_image\" \/>\n<meta name=\"twitter:label1\" content=\"Est. reading time\" \/>\n\t<meta name=\"twitter:data1\" content=\"2 minutos\" \/>\n<script type=\"application\/ld+json\" class=\"yoast-schema-graph\">{\"@context\":\"https:\\\/\\\/schema.org\",\"@graph\":[{\"@type\":\"WebPage\",\"@id\":\"https:\\\/\\\/experiencingporto.com\\\/vivencia-cultural-e-musical-de-maracatu-em-porto-de-galinhas\\\/\",\"url\":\"https:\\\/\\\/experiencingporto.com\\\/vivencia-cultural-e-musical-de-maracatu-em-porto-de-galinhas\\\/\",\"name\":\"Viv\u00eancia Cultural e Musical de Maracatu em Porto de Galinhas\",\"isPartOf\":{\"@id\":\"https:\\\/\\\/experiencingporto.com\\\/#website\"},\"primaryImageOfPage\":{\"@id\":\"https:\\\/\\\/experiencingporto.com\\\/vivencia-cultural-e-musical-de-maracatu-em-porto-de-galinhas\\\/#primaryimage\"},\"image\":{\"@id\":\"https:\\\/\\\/experiencingporto.com\\\/vivencia-cultural-e-musical-de-maracatu-em-porto-de-galinhas\\\/#primaryimage\"},\"thumbnailUrl\":\"https:\\\/\\\/i0.wp.com\\\/experiencingporto.com\\\/wp-content\\\/uploads\\\/2025\\\/08\\\/MCL_5044-2-scaled.jpg?fit=2560%2C1438&ssl=1\",\"datePublished\":\"2025-08-28T22:03:13+00:00\",\"dateModified\":\"2025-09-25T18:51:40+00:00\",\"description\":\"Viv\u00eancia cultural e Musical de Maracatu em Porto de Galinhas: oficina de percuss\u00e3o tradicional e conex\u00e3o cultural com Mestre local.\",\"breadcrumb\":{\"@id\":\"https:\\\/\\\/experiencingporto.com\\\/vivencia-cultural-e-musical-de-maracatu-em-porto-de-galinhas\\\/#breadcrumb\"},\"inLanguage\":\"es-UY\",\"potentialAction\":[{\"@type\":\"ReadAction\",\"target\":[\"https:\\\/\\\/experiencingporto.com\\\/vivencia-cultural-e-musical-de-maracatu-em-porto-de-galinhas\\\/\"]}]},{\"@type\":\"ImageObject\",\"inLanguage\":\"es-UY\",\"@id\":\"https:\\\/\\\/experiencingporto.com\\\/vivencia-cultural-e-musical-de-maracatu-em-porto-de-galinhas\\\/#primaryimage\",\"url\":\"https:\\\/\\\/i0.wp.com\\\/experiencingporto.com\\\/wp-content\\\/uploads\\\/2025\\\/08\\\/MCL_5044-2-scaled.jpg?fit=2560%2C1438&ssl=1\",\"contentUrl\":\"https:\\\/\\\/i0.wp.com\\\/experiencingporto.com\\\/wp-content\\\/uploads\\\/2025\\\/08\\\/MCL_5044-2-scaled.jpg?fit=2560%2C1438&ssl=1\",\"width\":2560,\"height\":1438,\"caption\":\"Oficina de Maracatu em Porto de Galinhas\"},{\"@type\":\"BreadcrumbList\",\"@id\":\"https:\\\/\\\/experiencingporto.com\\\/vivencia-cultural-e-musical-de-maracatu-em-porto-de-galinhas\\\/#breadcrumb\",\"itemListElement\":[{\"@type\":\"ListItem\",\"position\":1,\"name\":\"In\u00edcio\",\"item\":\"https:\\\/\\\/experiencingporto.com\\\/\"},{\"@type\":\"ListItem\",\"position\":2,\"name\":\"Viv\u00eancia Cultural e Musical de Maracatu em Porto de Galinhas\"}]},{\"@type\":\"WebSite\",\"@id\":\"https:\\\/\\\/experiencingporto.com\\\/#website\",\"url\":\"https:\\\/\\\/experiencingporto.com\\\/\",\"name\":\"Experiencing Porto\",\"description\":\"Guia de experi\u00eancias em Porto de Galinhas. Uno conhecimentos sobre biologia, mergulho e saberes nativos para oferecer os melhores roteiros neste para\u00edso. \",\"potentialAction\":[{\"@type\":\"SearchAction\",\"target\":{\"@type\":\"EntryPoint\",\"urlTemplate\":\"https:\\\/\\\/experiencingporto.com\\\/?s={search_term_string}\"},\"query-input\":{\"@type\":\"PropertyValueSpecification\",\"valueRequired\":true,\"valueName\":\"search_term_string\"}}],\"inLanguage\":\"es-UY\"}]}<\/script>\n<!-- \/ Yoast SEO plugin. -->","yoast_head_json":{"title":"Vivencia Cultural y Musical de Maracatu en Porto de Galinhas","description":"Viv\u00eancia cultural e Musical de Maracatu em Porto de Galinhas: oficina de percuss\u00e3o tradicional e conex\u00e3o cultural com Mestre local.","robots":{"index":"index","follow":"follow","max-snippet":"max-snippet:-1","max-image-preview":"max-image-preview:large","max-video-preview":"max-video-preview:-1"},"canonical":"https:\/\/experiencingporto.com\/es\/vivencia-cultural-e-musical-de-maracatu-em-porto-de-galinhas\/","og_locale":"es_ES","og_type":"article","og_title":"Viv\u00eancia Cultural e Musical de Maracatu em Porto de Galinhas","og_description":"Viv\u00eancia cultural e Musical de Maracatu em Porto de Galinhas: oficina de percuss\u00e3o tradicional e conex\u00e3o cultural com Mestre local.","og_url":"https:\/\/experiencingporto.com\/es\/vivencia-cultural-e-musical-de-maracatu-em-porto-de-galinhas\/","og_site_name":"Experiencing Porto","article_publisher":"https:\/\/www.facebook.com\/experiencingporto\/","article_modified_time":"2025-09-25T18:51:40+00:00","og_image":[{"width":2560,"height":1438,"url":"https:\/\/experiencingporto.com\/wp-content\/uploads\/2025\/08\/MCL_5044-2-scaled.jpg","type":"image\/jpeg"}],"twitter_card":"summary_large_image","twitter_misc":{"Est. reading time":"2 minutos"},"schema":{"@context":"https:\/\/schema.org","@graph":[{"@type":"WebPage","@id":"https:\/\/experiencingporto.com\/vivencia-cultural-e-musical-de-maracatu-em-porto-de-galinhas\/","url":"https:\/\/experiencingporto.com\/vivencia-cultural-e-musical-de-maracatu-em-porto-de-galinhas\/","name":"Vivencia Cultural y Musical de Maracatu en Porto de Galinhas","isPartOf":{"@id":"https:\/\/experiencingporto.com\/#website"},"primaryImageOfPage":{"@id":"https:\/\/experiencingporto.com\/vivencia-cultural-e-musical-de-maracatu-em-porto-de-galinhas\/#primaryimage"},"image":{"@id":"https:\/\/experiencingporto.com\/vivencia-cultural-e-musical-de-maracatu-em-porto-de-galinhas\/#primaryimage"},"thumbnailUrl":"https:\/\/i0.wp.com\/experiencingporto.com\/wp-content\/uploads\/2025\/08\/MCL_5044-2-scaled.jpg?fit=2560%2C1438&ssl=1","datePublished":"2025-08-28T22:03:13+00:00","dateModified":"2025-09-25T18:51:40+00:00","description":"Viv\u00eancia cultural e Musical de Maracatu em Porto de Galinhas: oficina de percuss\u00e3o tradicional e conex\u00e3o cultural com Mestre local.","breadcrumb":{"@id":"https:\/\/experiencingporto.com\/vivencia-cultural-e-musical-de-maracatu-em-porto-de-galinhas\/#breadcrumb"},"inLanguage":"es-UY","potentialAction":[{"@type":"ReadAction","target":["https:\/\/experiencingporto.com\/vivencia-cultural-e-musical-de-maracatu-em-porto-de-galinhas\/"]}]},{"@type":"ImageObject","inLanguage":"es-UY","@id":"https:\/\/experiencingporto.com\/vivencia-cultural-e-musical-de-maracatu-em-porto-de-galinhas\/#primaryimage","url":"https:\/\/i0.wp.com\/experiencingporto.com\/wp-content\/uploads\/2025\/08\/MCL_5044-2-scaled.jpg?fit=2560%2C1438&ssl=1","contentUrl":"https:\/\/i0.wp.com\/experiencingporto.com\/wp-content\/uploads\/2025\/08\/MCL_5044-2-scaled.jpg?fit=2560%2C1438&ssl=1","width":2560,"height":1438,"caption":"Oficina de Maracatu em Porto de Galinhas"},{"@type":"BreadcrumbList","@id":"https:\/\/experiencingporto.com\/vivencia-cultural-e-musical-de-maracatu-em-porto-de-galinhas\/#breadcrumb","itemListElement":[{"@type":"ListItem","position":1,"name":"In\u00edcio","item":"https:\/\/experiencingporto.com\/"},{"@type":"ListItem","position":2,"name":"Viv\u00eancia Cultural e Musical de Maracatu em Porto de Galinhas"}]},{"@type":"WebSite","@id":"https:\/\/experiencingporto.com\/#website","url":"https:\/\/experiencingporto.com\/","name":"Experiencing Porto","description":"Guia de experi\u00eancias em Porto de Galinhas. Uno conhecimentos sobre biologia, mergulho e saberes nativos para oferecer os melhores roteiros neste para\u00edso.","potentialAction":[{"@type":"SearchAction","target":{"@type":"EntryPoint","urlTemplate":"https:\/\/experiencingporto.com\/?s={search_term_string}"},"query-input":{"@type":"PropertyValueSpecification","valueRequired":true,"valueName":"search_term_string"}}],"inLanguage":"es-UY"}]}},"jetpack_sharing_enabled":true,"_links":{"self":[{"href":"https:\/\/experiencingporto.com\/es\/wp-json\/wp\/v2\/pages\/265","targetHints":{"allow":["GET"]}}],"collection":[{"href":"https:\/\/experiencingporto.com\/es\/wp-json\/wp\/v2\/pages"}],"about":[{"href":"https:\/\/experiencingporto.com\/es\/wp-json\/wp\/v2\/types\/page"}],"author":[{"embeddable":true,"href":"https:\/\/experiencingporto.com\/es\/wp-json\/wp\/v2\/users\/1"}],"replies":[{"embeddable":true,"href":"https:\/\/experiencingporto.com\/es\/wp-json\/wp\/v2\/comments?post=265"}],"version-history":[{"count":2,"href":"https:\/\/experiencingporto.com\/es\/wp-json\/wp\/v2\/pages\/265\/revisions"}],"predecessor-version":[{"id":387,"href":"https:\/\/experiencingporto.com\/es\/wp-json\/wp\/v2\/pages\/265\/revisions\/387"}],"wp:featuredmedia":[{"embeddable":true,"href":"https:\/\/experiencingporto.com\/es\/wp-json\/wp\/v2\/media\/267"}],"wp:attachment":[{"href":"https:\/\/experiencingporto.com\/es\/wp-json\/wp\/v2\/media?parent=265"}],"curies":[{"name":"wp","href":"https:\/\/api.w.org\/{rel}","templated":true}]}}