{"id":179,"date":"2025-03-30T14:40:13","date_gmt":"2025-03-30T14:40:13","guid":{"rendered":"https:\/\/experiencingporto.com\/?page_id=179"},"modified":"2025-09-25T19:04:18","modified_gmt":"2025-09-25T19:04:18","slug":"roteiros-personalizados-em-porto-de-galinhas","status":"publish","type":"page","link":"https:\/\/experiencingporto.com\/es\/roteiros-personalizados-em-porto-de-galinhas\/","title":{"rendered":"Itinerarios personalizados en Porto de Galinhas"},"content":{"rendered":"<p class=\"\">Soy Mariana, uruguaya, trabajo en comunicaci\u00f3n y hace nueve a\u00f1os eleg\u00ed Porto de Galinhas como hogar \ud83d\udc99. Este lugar me ofreci\u00f3 lo que buscaba: una vida simple, en contacto con la naturaleza y la comunidad.\n\nJunto con mi esposo, bi\u00f3logo y gu\u00eda nativo, me dedico a la curadur\u00eda de experiencias y a asesorar a quienes nos visitan con informaci\u00f3n clara y honesta sobre el destino. Mi objetivo es que cada persona encuentre el hospedaje, la gastronom\u00eda y los paseos que realmente se ajusten a su perfil \u2014ya sea que busquen aventura o solo descansar frente al mar\u2014, siempre con el plus de la sabidur\u00eda nativa y el conocimiento local.&nbsp;<strong><a href=\"https:\/\/experiencingporto.com\/es\/golpes-porto-de-galinhas\/\">Si quer\u00e9s disfrutar de Porto de la manera que tenga m\u00e1s sentido para vos, y contar con mi apoyo antes y durante tus vacaciones, vas a estar en buenas manos! Nos encanta vivir ac\u00e1, compartir nuestros secretos y construir memorias que duran para siempre.<\/a><\/strong>, pagando caro por passeios lotados e experi\u00eancias que n\u00e3o correspondem \u00e0s expectativas. Com vendedores insistentes e informa\u00e7\u00f5es confusas, \u00e9 f\u00e1cil se frustrar e perder o melhor do destino.<\/p>\n\n\n\n<p class=\"\">N\u00f3s oferecemos um&nbsp;<strong>planejamento de viagem personalizado<\/strong> que ajuda voc\u00ea a viver <a href=\"https:\/\/pt.wikipedia.org\/wiki\/Porto_de_Galinhas\">Porto de Galinhas<\/a>&nbsp;<strong>longe das multid\u00f5es<\/strong>, com <strong>passeios alinhados aos seus interesses e perfil<\/strong>, recomenda\u00e7\u00f5es gastron\u00f4micas e hospedagens bem localizadas que fazem sentido para voc\u00ea \u2014sem ilus\u00f5es, apenas o que realmente vale a pena conhecer &#x1f60e;.<\/p>\n\n\n\n<div class=\"nfd-container nfd-theme-white nfd-bg-surface nfd-wb-gallery__gallery-4 is-style-nfd-theme-white wp-block-group alignfull is-layout-constrained wp-container-core-group-is-layout-c2bbdf70 wp-block-group-is-layout-constrained\" style=\"padding-top:8px;padding-right:8px;padding-bottom:8px;padding-left:8px\">\n<div class=\"wp-block-columns is-layout-flex wp-container-core-columns-is-layout-85695472 wp-block-columns-is-layout-flex\">\n<div class=\"wp-block-column is-layout-flow wp-container-core-column-is-layout-6b73ce23 wp-block-column-is-layout-flow\">\n<figure class=\"wp-block-image size-large has-custom-border\"><img data-recalc-dims=\"1\" loading=\"lazy\" decoding=\"async\" width=\"628\" height=\"1024\" src=\"https:\/\/i0.wp.com\/experiencingporto.com\/wp-content\/uploads\/2025\/03\/WhatsApp-Image-2025-03-16-at-11.52.31-3.jpeg?resize=628%2C1024&#038;ssl=1\" alt=\"\" class=\"wp-image-192\" style=\"border-radius:0px;aspect-ratio:2\/3;object-fit:cover\" srcset=\"https:\/\/i0.wp.com\/experiencingporto.com\/wp-content\/uploads\/2025\/03\/WhatsApp-Image-2025-03-16-at-11.52.31-3-scaled.jpeg?resize=628%2C1024&amp;ssl=1 628w, https:\/\/i0.wp.com\/experiencingporto.com\/wp-content\/uploads\/2025\/03\/WhatsApp-Image-2025-03-16-at-11.52.31-3-scaled.jpeg?resize=184%2C300&amp;ssl=1 184w, https:\/\/i0.wp.com\/experiencingporto.com\/wp-content\/uploads\/2025\/03\/WhatsApp-Image-2025-03-16-at-11.52.31-3-scaled.jpeg?resize=768%2C1253&amp;ssl=1 768w, https:\/\/i0.wp.com\/experiencingporto.com\/wp-content\/uploads\/2025\/03\/WhatsApp-Image-2025-03-16-at-11.52.31-3-scaled.jpeg?resize=942%2C1536&amp;ssl=1 942w, https:\/\/i0.wp.com\/experiencingporto.com\/wp-content\/uploads\/2025\/03\/WhatsApp-Image-2025-03-16-at-11.52.31-3-scaled.jpeg?w=1570&amp;ssl=1 1570w\" sizes=\"auto, (max-width: 628px) 100vw, 628px\" \/><\/figure>\n\n\n\n<figure class=\"wp-block-image size-large\"><img data-recalc-dims=\"1\" loading=\"lazy\" decoding=\"async\" width=\"819\" height=\"1024\" src=\"https:\/\/i0.wp.com\/experiencingporto.com\/wp-content\/uploads\/2025\/03\/WhatsApp-Image-2025-03-16-at-11.52.26.jpeg?resize=819%2C1024&#038;ssl=1\" alt=\"\" class=\"wp-image-186\" style=\"aspect-ratio:1;object-fit:cover\" srcset=\"https:\/\/i0.wp.com\/experiencingporto.com\/wp-content\/uploads\/2025\/03\/WhatsApp-Image-2025-03-16-at-11.52.26.jpeg?resize=819%2C1024&amp;ssl=1 819w, https:\/\/i0.wp.com\/experiencingporto.com\/wp-content\/uploads\/2025\/03\/WhatsApp-Image-2025-03-16-at-11.52.26.jpeg?resize=240%2C300&amp;ssl=1 240w, https:\/\/i0.wp.com\/experiencingporto.com\/wp-content\/uploads\/2025\/03\/WhatsApp-Image-2025-03-16-at-11.52.26.jpeg?resize=768%2C960&amp;ssl=1 768w, https:\/\/i0.wp.com\/experiencingporto.com\/wp-content\/uploads\/2025\/03\/WhatsApp-Image-2025-03-16-at-11.52.26.jpeg?w=900&amp;ssl=1 900w\" sizes=\"auto, (max-width: 819px) 100vw, 819px\" \/><\/figure>\n<\/div>\n\n\n\n<div class=\"wp-block-column is-vertically-aligned-center is-layout-flow wp-container-core-column-is-layout-6b73ce23 wp-block-column-is-layout-flow\">\n<figure class=\"wp-block-image size-large\"><img data-recalc-dims=\"1\" loading=\"lazy\" decoding=\"async\" width=\"1024\" height=\"768\" src=\"https:\/\/i0.wp.com\/experiencingporto.com\/wp-content\/uploads\/2025\/03\/WhatsApp-Image-2025-03-16-at-11.52.29.jpeg?resize=1024%2C768&#038;ssl=1\" alt=\"\" class=\"wp-image-190\" style=\"aspect-ratio:1;object-fit:cover\" srcset=\"https:\/\/i0.wp.com\/experiencingporto.com\/wp-content\/uploads\/2025\/03\/WhatsApp-Image-2025-03-16-at-11.52.29-scaled.jpeg?resize=1024%2C768&amp;ssl=1 1024w, https:\/\/i0.wp.com\/experiencingporto.com\/wp-content\/uploads\/2025\/03\/WhatsApp-Image-2025-03-16-at-11.52.29-scaled.jpeg?resize=300%2C225&amp;ssl=1 300w, https:\/\/i0.wp.com\/experiencingporto.com\/wp-content\/uploads\/2025\/03\/WhatsApp-Image-2025-03-16-at-11.52.29-scaled.jpeg?resize=768%2C576&amp;ssl=1 768w, https:\/\/i0.wp.com\/experiencingporto.com\/wp-content\/uploads\/2025\/03\/WhatsApp-Image-2025-03-16-at-11.52.29-scaled.jpeg?resize=1536%2C1152&amp;ssl=1 1536w, https:\/\/i0.wp.com\/experiencingporto.com\/wp-content\/uploads\/2025\/03\/WhatsApp-Image-2025-03-16-at-11.52.29-scaled.jpeg?resize=2048%2C1536&amp;ssl=1 2048w\" sizes=\"auto, (max-width: 1000px) 100vw, 1000px\" \/><\/figure>\n\n\n\n<figure class=\"wp-block-image size-large\"><img data-recalc-dims=\"1\" loading=\"lazy\" decoding=\"async\" width=\"896\" height=\"1024\" src=\"https:\/\/i0.wp.com\/experiencingporto.com\/wp-content\/uploads\/2025\/03\/WhatsApp-Image-2025-03-16-at-11.52.25-2.jpeg?resize=896%2C1024&#038;ssl=1\" alt=\"\" class=\"wp-image-183\" style=\"aspect-ratio:2\/3;object-fit:cover\" srcset=\"https:\/\/i0.wp.com\/experiencingporto.com\/wp-content\/uploads\/2025\/03\/WhatsApp-Image-2025-03-16-at-11.52.25-2-scaled.jpeg?resize=896%2C1024&amp;ssl=1 896w, https:\/\/i0.wp.com\/experiencingporto.com\/wp-content\/uploads\/2025\/03\/WhatsApp-Image-2025-03-16-at-11.52.25-2-scaled.jpeg?resize=262%2C300&amp;ssl=1 262w, https:\/\/i0.wp.com\/experiencingporto.com\/wp-content\/uploads\/2025\/03\/WhatsApp-Image-2025-03-16-at-11.52.25-2-scaled.jpeg?resize=768%2C878&amp;ssl=1 768w, https:\/\/i0.wp.com\/experiencingporto.com\/wp-content\/uploads\/2025\/03\/WhatsApp-Image-2025-03-16-at-11.52.25-2-scaled.jpeg?resize=1344%2C1536&amp;ssl=1 1344w, https:\/\/i0.wp.com\/experiencingporto.com\/wp-content\/uploads\/2025\/03\/WhatsApp-Image-2025-03-16-at-11.52.25-2-scaled.jpeg?resize=1791%2C2048&amp;ssl=1 1791w, https:\/\/i0.wp.com\/experiencingporto.com\/wp-content\/uploads\/2025\/03\/WhatsApp-Image-2025-03-16-at-11.52.25-2-scaled.jpeg?w=2000&amp;ssl=1 2000w\" sizes=\"auto, (max-width: 896px) 100vw, 896px\" \/><\/figure>\n<\/div>\n\n\n\n<div class=\"wp-block-column is-vertically-aligned-center is-layout-flow wp-container-core-column-is-layout-6b73ce23 wp-block-column-is-layout-flow\">\n<figure class=\"wp-block-image size-large\"><img data-recalc-dims=\"1\" loading=\"lazy\" decoding=\"async\" width=\"819\" height=\"1024\" src=\"https:\/\/i0.wp.com\/experiencingporto.com\/wp-content\/uploads\/2025\/03\/WhatsApp-Image-2025-03-16-at-11.52.25-3.jpeg?resize=819%2C1024&#038;ssl=1\" alt=\"\" class=\"wp-image-184\" style=\"aspect-ratio:2\/3;object-fit:cover\" srcset=\"https:\/\/i0.wp.com\/experiencingporto.com\/wp-content\/uploads\/2025\/03\/WhatsApp-Image-2025-03-16-at-11.52.25-3.jpeg?resize=819%2C1024&amp;ssl=1 819w, https:\/\/i0.wp.com\/experiencingporto.com\/wp-content\/uploads\/2025\/03\/WhatsApp-Image-2025-03-16-at-11.52.25-3.jpeg?resize=240%2C300&amp;ssl=1 240w, https:\/\/i0.wp.com\/experiencingporto.com\/wp-content\/uploads\/2025\/03\/WhatsApp-Image-2025-03-16-at-11.52.25-3.jpeg?resize=768%2C960&amp;ssl=1 768w, https:\/\/i0.wp.com\/experiencingporto.com\/wp-content\/uploads\/2025\/03\/WhatsApp-Image-2025-03-16-at-11.52.25-3.jpeg?resize=1229%2C1536&amp;ssl=1 1229w, https:\/\/i0.wp.com\/experiencingporto.com\/wp-content\/uploads\/2025\/03\/WhatsApp-Image-2025-03-16-at-11.52.25-3.jpeg?w=1280&amp;ssl=1 1280w\" sizes=\"auto, (max-width: 819px) 100vw, 819px\" \/><\/figure>\n\n\n\n<figure class=\"wp-block-image size-large\"><img data-recalc-dims=\"1\" loading=\"lazy\" decoding=\"async\" width=\"768\" height=\"1024\" src=\"https:\/\/i0.wp.com\/experiencingporto.com\/wp-content\/uploads\/2025\/03\/WhatsApp-Image-2025-03-16-at-11.52.32-4.jpeg?resize=768%2C1024&#038;ssl=1\" alt=\"\" class=\"wp-image-196\" style=\"aspect-ratio:1;object-fit:cover\" srcset=\"https:\/\/i0.wp.com\/experiencingporto.com\/wp-content\/uploads\/2025\/03\/WhatsApp-Image-2025-03-16-at-11.52.32-4.jpeg?resize=768%2C1024&amp;ssl=1 768w, https:\/\/i0.wp.com\/experiencingporto.com\/wp-content\/uploads\/2025\/03\/WhatsApp-Image-2025-03-16-at-11.52.32-4.jpeg?resize=225%2C300&amp;ssl=1 225w, https:\/\/i0.wp.com\/experiencingporto.com\/wp-content\/uploads\/2025\/03\/WhatsApp-Image-2025-03-16-at-11.52.32-4.jpeg?resize=1152%2C1536&amp;ssl=1 1152w, https:\/\/i0.wp.com\/experiencingporto.com\/wp-content\/uploads\/2025\/03\/WhatsApp-Image-2025-03-16-at-11.52.32-4.jpeg?w=1200&amp;ssl=1 1200w\" sizes=\"auto, (max-width: 768px) 100vw, 768px\" \/><\/figure>\n<\/div>\n\n\n\n<div class=\"wp-block-column is-vertically-aligned-center is-layout-flow wp-container-core-column-is-layout-6b73ce23 wp-block-column-is-layout-flow\">\n<figure class=\"wp-block-image size-large\"><img data-recalc-dims=\"1\" loading=\"lazy\" decoding=\"async\" width=\"1024\" height=\"576\" src=\"https:\/\/i0.wp.com\/experiencingporto.com\/wp-content\/uploads\/2025\/03\/WhatsApp-Image-2025-03-16-at-11.52.23.jpeg?resize=1024%2C576&#038;ssl=1\" alt=\"\" class=\"wp-image-182\" style=\"aspect-ratio:1;object-fit:cover\" srcset=\"https:\/\/i0.wp.com\/experiencingporto.com\/wp-content\/uploads\/2025\/03\/WhatsApp-Image-2025-03-16-at-11.52.23-scaled.jpeg?resize=1024%2C576&amp;ssl=1 1024w, https:\/\/i0.wp.com\/experiencingporto.com\/wp-content\/uploads\/2025\/03\/WhatsApp-Image-2025-03-16-at-11.52.23-scaled.jpeg?resize=300%2C169&amp;ssl=1 300w, https:\/\/i0.wp.com\/experiencingporto.com\/wp-content\/uploads\/2025\/03\/WhatsApp-Image-2025-03-16-at-11.52.23-scaled.jpeg?resize=768%2C432&amp;ssl=1 768w, https:\/\/i0.wp.com\/experiencingporto.com\/wp-content\/uploads\/2025\/03\/WhatsApp-Image-2025-03-16-at-11.52.23-scaled.jpeg?resize=1536%2C864&amp;ssl=1 1536w, https:\/\/i0.wp.com\/experiencingporto.com\/wp-content\/uploads\/2025\/03\/WhatsApp-Image-2025-03-16-at-11.52.23-scaled.jpeg?resize=2048%2C1152&amp;ssl=1 2048w\" sizes=\"auto, (max-width: 1000px) 100vw, 1000px\" \/><\/figure>\n\n\n\n<figure class=\"wp-block-image size-large\"><img data-recalc-dims=\"1\" loading=\"lazy\" decoding=\"async\" width=\"578\" height=\"1024\" src=\"https:\/\/i0.wp.com\/experiencingporto.com\/wp-content\/uploads\/2025\/03\/WhatsApp-Image-2025-03-16-at-11.52.25.jpeg?resize=578%2C1024&#038;ssl=1\" alt=\"\" class=\"wp-image-185\" style=\"aspect-ratio:2\/3;object-fit:cover\" srcset=\"https:\/\/i0.wp.com\/experiencingporto.com\/wp-content\/uploads\/2025\/03\/WhatsApp-Image-2025-03-16-at-11.52.25-scaled.jpeg?resize=578%2C1024&amp;ssl=1 578w, https:\/\/i0.wp.com\/experiencingporto.com\/wp-content\/uploads\/2025\/03\/WhatsApp-Image-2025-03-16-at-11.52.25-scaled.jpeg?resize=169%2C300&amp;ssl=1 169w, https:\/\/i0.wp.com\/experiencingporto.com\/wp-content\/uploads\/2025\/03\/WhatsApp-Image-2025-03-16-at-11.52.25-scaled.jpeg?resize=768%2C1362&amp;ssl=1 768w, https:\/\/i0.wp.com\/experiencingporto.com\/wp-content\/uploads\/2025\/03\/WhatsApp-Image-2025-03-16-at-11.52.25-scaled.jpeg?resize=866%2C1536&amp;ssl=1 866w, https:\/\/i0.wp.com\/experiencingporto.com\/wp-content\/uploads\/2025\/03\/WhatsApp-Image-2025-03-16-at-11.52.25-scaled.jpeg?resize=1155%2C2048&amp;ssl=1 1155w, https:\/\/i0.wp.com\/experiencingporto.com\/wp-content\/uploads\/2025\/03\/WhatsApp-Image-2025-03-16-at-11.52.25-scaled.jpeg?w=1444&amp;ssl=1 1444w\" sizes=\"auto, (max-width: 578px) 100vw, 578px\" \/><\/figure>\n<\/div>\n<\/div>\n<\/div>\n\n\n\n<h2 class=\"wp-block-heading\">Paquete Esencial Porto<\/h2>\n\n\n\n<p class=\"\">Itinerario a medida, teniendo en cuenta tu perfil, intereses y presupuesto.<\/p>\n\n\n\n<p class=\"\">Incluye: <\/p>\n\n\n\n<p class=\"\">\u2705 Itinerario detallado con sugerencias de paseos, hospedaje y gastronom\u00eda<br>\u2705 Consejos exclusivos para aprovechar al m\u00e1ximo cada experiencia<br>\u2705 Contacto con prestadores de servicio confiables<\/p>\n\n\n\n<p class=\"\"><strong>\ud83d\udc49 Para solicitar una cotizaci\u00f3n haz clic en el bot\u00f3n de abajo y env\u00eda el mensaje:\n\u201cQuiero recibir cotizaci\u00f3n para el itinerario Esencial Porto\u201d <\/strong><\/p>\n\n\n\n<div class=\"wp-block-buttons is-layout-flex wp-block-buttons-is-layout-flex\">\n<div class=\"wp-block-button\"><a class=\"wp-block-button__link wp-element-button\" href=\"https:\/\/wa.me\/message\/L6DO4T6ZZ7BFP1\">Pedir cotizaci\u00f3n<\/a><\/div>\n<\/div>\n\n\n\n<h2 class=\"wp-block-heading\">Paquete Porto Sin L\u00edmites \u2013 Itinerario personalizado + Asistencia en tiempo real<\/h2>\n\n\n\n<p class=\"\">Adem\u00e1s del itinerario personalizado, ofrecemos soporte directo durante tu viaje para ajustes, recomendaciones de \u00faltima hora y soluciones r\u00e1pidas.<\/p>\n\n\n\n<p class=\"\">Incluye: <\/p>\n\n\n\n<p class=\"\"><strong>\u2728 Todo lo del Paquete Esencial, m\u00e1s:<br><\/strong>\u2705 Asistencia v\u00eda WhatsApp durante tu estad\u00eda<br>\u2705 Sugerencias en tiempo real seg\u00fan el clima y tus preferencias<br>&#x2705; Ajustes no roteiro de acordo com sua experi\u00eancia no destino<br>\u2705 Resoluci\u00f3n r\u00e1pida de imprevistos y nuevas recomendaciones<\/p>\n\n\n\n<p class=\"\"><strong>Para solicitar or\u00e7amento clique no bot\u00e3o abaixo e envie a mensagem &#8220;quero receber or\u00e7amento para o roteiro Porto sem limites&#8221;. <\/strong><\/p>\n\n\n\n<div class=\"wp-block-buttons is-layout-flex wp-block-buttons-is-layout-flex\">\n<div class=\"wp-block-button\"><a class=\"wp-block-button__link wp-element-button\" href=\"https:\/\/wa.me\/message\/L6DO4T6ZZ7BFP1\">Pedir cotizaci\u00f3n<\/a><\/div>\n<\/div>\n\n\n\n<p class=\"\">Ser\u00e1 un placer ayudarte a planear tu viaje \ud83d\udc9a<\/p>\n\n\n\n<p class=\"\">\ud83d\udc49 \u00a1Conoce nuestras experiencias! <\/p>\n\n\n\n<p class=\"\"><a href=\"https:\/\/experiencingporto.com\/es\/mergulho-livre\/\">Freediving<\/a> <\/p>\n\n\n\n<p class=\"\"><a href=\"https:\/\/experiencingporto.com\/es\/trilha-ecologica\/\">Sendero ecol\u00f3gico<\/a> <\/p>\n\n\n\n<p class=\"\"><a href=\"https:\/\/experiencingporto.com\/es\/travessia-dos-mangues\/\">Traves\u00eda de los manglares<\/a> <\/p>\n\n\n\n<p class=\"\"><a href=\"https:\/\/experiencingporto.com\/es\/catch-and-cook\/\">Catch &amp; Cook!<\/a><\/p>\n\n\n\n<p class=\"\"><a href=\"https:\/\/experiencingporto.com\/es\/guia-de-pesca-sub\/\">Salida de pesca sub<\/a><\/p>","protected":false},"excerpt":{"rendered":"<p>Porto de Galinhas \u00e9 um destino muito bonito e procurado, mas muitos visitantes acabam caindo em&nbsp;armadilhas tur\u00edsticas, pagando caro por passeios lotados e experi\u00eancias que n\u00e3o correspondem \u00e0s expectativas. Com vendedores insistentes e informa\u00e7\u00f5es confusas, \u00e9 f\u00e1cil se frustrar e perder o melhor do destino. N\u00f3s oferecemos um&nbsp;planejamento de viagem personalizado que ajuda voc\u00ea a [&hellip;]<\/p>\n","protected":false},"author":1,"featured_media":192,"parent":0,"menu_order":0,"comment_status":"closed","ping_status":"closed","template":"","meta":{"nf_dc_page":"","om_disable_all_campaigns":false,"footnotes":""},"class_list":["post-179","page","type-page","status-publish","has-post-thumbnail","hentry"],"yoast_head":"<!-- This site is optimized with the Yoast SEO plugin v27.6 - https:\/\/yoast.com\/product\/yoast-seo-wordpress\/ -->\n<title>Roteiros Personalizados em Porto de Galinhas<\/title>\n<meta name=\"description\" content=\"Roteiros personalizados em Porto de Galinhas: mergulho, trilhas, cultura e natureza. Experi\u00eancias exclusivas com guia local.\" \/>\n<meta name=\"robots\" content=\"index, follow, max-snippet:-1, max-image-preview:large, max-video-preview:-1\" \/>\n<link rel=\"canonical\" href=\"https:\/\/experiencingporto.com\/es\/roteiros-personalizados-em-porto-de-galinhas\/\" \/>\n<meta property=\"og:locale\" content=\"es_ES\" \/>\n<meta property=\"og:type\" content=\"article\" \/>\n<meta property=\"og:title\" content=\"Roteiros Personalizados em Porto de Galinhas\" \/>\n<meta property=\"og:description\" content=\"Roteiros personalizados em Porto de Galinhas: mergulho, trilhas, cultura e natureza. Experi\u00eancias exclusivas com guia local.\" \/>\n<meta property=\"og:url\" content=\"https:\/\/experiencingporto.com\/es\/roteiros-personalizados-em-porto-de-galinhas\/\" \/>\n<meta property=\"og:site_name\" content=\"Experiencing Porto\" \/>\n<meta property=\"article:publisher\" content=\"https:\/\/www.facebook.com\/experiencingporto\/\" \/>\n<meta property=\"article:modified_time\" content=\"2025-09-25T19:04:18+00:00\" \/>\n<meta property=\"og:image\" content=\"https:\/\/experiencingporto.com\/wp-content\/uploads\/2025\/03\/WhatsApp-Image-2025-03-16-at-11.52.31-3-scaled.jpeg\" \/>\n\t<meta property=\"og:image:width\" content=\"1570\" \/>\n\t<meta property=\"og:image:height\" content=\"2560\" \/>\n\t<meta property=\"og:image:type\" content=\"image\/jpeg\" \/>\n<meta name=\"twitter:card\" content=\"summary_large_image\" \/>\n<meta name=\"twitter:label1\" content=\"Est. reading time\" \/>\n\t<meta name=\"twitter:data1\" content=\"4 minutos\" \/>\n<script type=\"application\/ld+json\" class=\"yoast-schema-graph\">{\"@context\":\"https:\\\/\\\/schema.org\",\"@graph\":[{\"@type\":\"WebPage\",\"@id\":\"https:\\\/\\\/experiencingporto.com\\\/roteiros-personalizados-em-porto-de-galinhas\\\/\",\"url\":\"https:\\\/\\\/experiencingporto.com\\\/roteiros-personalizados-em-porto-de-galinhas\\\/\",\"name\":\"Roteiros Personalizados em Porto de Galinhas\",\"isPartOf\":{\"@id\":\"https:\\\/\\\/experiencingporto.com\\\/#website\"},\"primaryImageOfPage\":{\"@id\":\"https:\\\/\\\/experiencingporto.com\\\/roteiros-personalizados-em-porto-de-galinhas\\\/#primaryimage\"},\"image\":{\"@id\":\"https:\\\/\\\/experiencingporto.com\\\/roteiros-personalizados-em-porto-de-galinhas\\\/#primaryimage\"},\"thumbnailUrl\":\"https:\\\/\\\/i0.wp.com\\\/experiencingporto.com\\\/wp-content\\\/uploads\\\/2025\\\/03\\\/WhatsApp-Image-2025-03-16-at-11.52.31-3-scaled.jpeg?fit=1570%2C2560&ssl=1\",\"datePublished\":\"2025-03-30T14:40:13+00:00\",\"dateModified\":\"2025-09-25T19:04:18+00:00\",\"description\":\"Roteiros personalizados em Porto de Galinhas: mergulho, trilhas, cultura e natureza. Experi\u00eancias exclusivas com guia local.\",\"breadcrumb\":{\"@id\":\"https:\\\/\\\/experiencingporto.com\\\/roteiros-personalizados-em-porto-de-galinhas\\\/#breadcrumb\"},\"inLanguage\":\"es-UY\",\"potentialAction\":[{\"@type\":\"ReadAction\",\"target\":[\"https:\\\/\\\/experiencingporto.com\\\/roteiros-personalizados-em-porto-de-galinhas\\\/\"]}]},{\"@type\":\"ImageObject\",\"inLanguage\":\"es-UY\",\"@id\":\"https:\\\/\\\/experiencingporto.com\\\/roteiros-personalizados-em-porto-de-galinhas\\\/#primaryimage\",\"url\":\"https:\\\/\\\/i0.wp.com\\\/experiencingporto.com\\\/wp-content\\\/uploads\\\/2025\\\/03\\\/WhatsApp-Image-2025-03-16-at-11.52.31-3-scaled.jpeg?fit=1570%2C2560&ssl=1\",\"contentUrl\":\"https:\\\/\\\/i0.wp.com\\\/experiencingporto.com\\\/wp-content\\\/uploads\\\/2025\\\/03\\\/WhatsApp-Image-2025-03-16-at-11.52.31-3-scaled.jpeg?fit=1570%2C2560&ssl=1\",\"width\":1570,\"height\":2560,\"caption\":\"Roteiros personalizados em Porto de Galinhas\"},{\"@type\":\"BreadcrumbList\",\"@id\":\"https:\\\/\\\/experiencingporto.com\\\/roteiros-personalizados-em-porto-de-galinhas\\\/#breadcrumb\",\"itemListElement\":[{\"@type\":\"ListItem\",\"position\":1,\"name\":\"In\u00edcio\",\"item\":\"https:\\\/\\\/experiencingporto.com\\\/\"},{\"@type\":\"ListItem\",\"position\":2,\"name\":\"Roteiros personalizados em Porto de Galinhas\"}]},{\"@type\":\"WebSite\",\"@id\":\"https:\\\/\\\/experiencingporto.com\\\/#website\",\"url\":\"https:\\\/\\\/experiencingporto.com\\\/\",\"name\":\"Experiencing Porto\",\"description\":\"Guia de experi\u00eancias em Porto de Galinhas. Uno conhecimentos sobre biologia, mergulho e saberes nativos para oferecer os melhores roteiros neste para\u00edso. \",\"potentialAction\":[{\"@type\":\"SearchAction\",\"target\":{\"@type\":\"EntryPoint\",\"urlTemplate\":\"https:\\\/\\\/experiencingporto.com\\\/?s={search_term_string}\"},\"query-input\":{\"@type\":\"PropertyValueSpecification\",\"valueRequired\":true,\"valueName\":\"search_term_string\"}}],\"inLanguage\":\"es-UY\"}]}<\/script>\n<!-- \/ Yoast SEO plugin. -->","yoast_head_json":{"title":"Roteiros Personalizados em Porto de Galinhas","description":"Roteiros personalizados em Porto de Galinhas: mergulho, trilhas, cultura e natureza. Experi\u00eancias exclusivas com guia local.","robots":{"index":"index","follow":"follow","max-snippet":"max-snippet:-1","max-image-preview":"max-image-preview:large","max-video-preview":"max-video-preview:-1"},"canonical":"https:\/\/experiencingporto.com\/es\/roteiros-personalizados-em-porto-de-galinhas\/","og_locale":"es_ES","og_type":"article","og_title":"Roteiros Personalizados em Porto de Galinhas","og_description":"Roteiros personalizados em Porto de Galinhas: mergulho, trilhas, cultura e natureza. Experi\u00eancias exclusivas com guia local.","og_url":"https:\/\/experiencingporto.com\/es\/roteiros-personalizados-em-porto-de-galinhas\/","og_site_name":"Experiencing Porto","article_publisher":"https:\/\/www.facebook.com\/experiencingporto\/","article_modified_time":"2025-09-25T19:04:18+00:00","og_image":[{"width":1570,"height":2560,"url":"https:\/\/experiencingporto.com\/wp-content\/uploads\/2025\/03\/WhatsApp-Image-2025-03-16-at-11.52.31-3-scaled.jpeg","type":"image\/jpeg"}],"twitter_card":"summary_large_image","twitter_misc":{"Est. reading time":"4 minutos"},"schema":{"@context":"https:\/\/schema.org","@graph":[{"@type":"WebPage","@id":"https:\/\/experiencingporto.com\/roteiros-personalizados-em-porto-de-galinhas\/","url":"https:\/\/experiencingporto.com\/roteiros-personalizados-em-porto-de-galinhas\/","name":"Roteiros Personalizados em Porto de Galinhas","isPartOf":{"@id":"https:\/\/experiencingporto.com\/#website"},"primaryImageOfPage":{"@id":"https:\/\/experiencingporto.com\/roteiros-personalizados-em-porto-de-galinhas\/#primaryimage"},"image":{"@id":"https:\/\/experiencingporto.com\/roteiros-personalizados-em-porto-de-galinhas\/#primaryimage"},"thumbnailUrl":"https:\/\/i0.wp.com\/experiencingporto.com\/wp-content\/uploads\/2025\/03\/WhatsApp-Image-2025-03-16-at-11.52.31-3-scaled.jpeg?fit=1570%2C2560&ssl=1","datePublished":"2025-03-30T14:40:13+00:00","dateModified":"2025-09-25T19:04:18+00:00","description":"Roteiros personalizados em Porto de Galinhas: mergulho, trilhas, cultura e natureza. Experi\u00eancias exclusivas com guia local.","breadcrumb":{"@id":"https:\/\/experiencingporto.com\/roteiros-personalizados-em-porto-de-galinhas\/#breadcrumb"},"inLanguage":"es-UY","potentialAction":[{"@type":"ReadAction","target":["https:\/\/experiencingporto.com\/roteiros-personalizados-em-porto-de-galinhas\/"]}]},{"@type":"ImageObject","inLanguage":"es-UY","@id":"https:\/\/experiencingporto.com\/roteiros-personalizados-em-porto-de-galinhas\/#primaryimage","url":"https:\/\/i0.wp.com\/experiencingporto.com\/wp-content\/uploads\/2025\/03\/WhatsApp-Image-2025-03-16-at-11.52.31-3-scaled.jpeg?fit=1570%2C2560&ssl=1","contentUrl":"https:\/\/i0.wp.com\/experiencingporto.com\/wp-content\/uploads\/2025\/03\/WhatsApp-Image-2025-03-16-at-11.52.31-3-scaled.jpeg?fit=1570%2C2560&ssl=1","width":1570,"height":2560,"caption":"Roteiros personalizados em Porto de Galinhas"},{"@type":"BreadcrumbList","@id":"https:\/\/experiencingporto.com\/roteiros-personalizados-em-porto-de-galinhas\/#breadcrumb","itemListElement":[{"@type":"ListItem","position":1,"name":"In\u00edcio","item":"https:\/\/experiencingporto.com\/"},{"@type":"ListItem","position":2,"name":"Roteiros personalizados em Porto de Galinhas"}]},{"@type":"WebSite","@id":"https:\/\/experiencingporto.com\/#website","url":"https:\/\/experiencingporto.com\/","name":"Experiencing Porto","description":"Guia de experi\u00eancias em Porto de Galinhas. Uno conhecimentos sobre biologia, mergulho e saberes nativos para oferecer os melhores roteiros neste para\u00edso.","potentialAction":[{"@type":"SearchAction","target":{"@type":"EntryPoint","urlTemplate":"https:\/\/experiencingporto.com\/?s={search_term_string}"},"query-input":{"@type":"PropertyValueSpecification","valueRequired":true,"valueName":"search_term_string"}}],"inLanguage":"es-UY"}]}},"jetpack_sharing_enabled":true,"_links":{"self":[{"href":"https:\/\/experiencingporto.com\/es\/wp-json\/wp\/v2\/pages\/179","targetHints":{"allow":["GET"]}}],"collection":[{"href":"https:\/\/experiencingporto.com\/es\/wp-json\/wp\/v2\/pages"}],"about":[{"href":"https:\/\/experiencingporto.com\/es\/wp-json\/wp\/v2\/types\/page"}],"author":[{"embeddable":true,"href":"https:\/\/experiencingporto.com\/es\/wp-json\/wp\/v2\/users\/1"}],"replies":[{"embeddable":true,"href":"https:\/\/experiencingporto.com\/es\/wp-json\/wp\/v2\/comments?post=179"}],"version-history":[{"count":5,"href":"https:\/\/experiencingporto.com\/es\/wp-json\/wp\/v2\/pages\/179\/revisions"}],"predecessor-version":[{"id":269,"href":"https:\/\/experiencingporto.com\/es\/wp-json\/wp\/v2\/pages\/179\/revisions\/269"}],"wp:featuredmedia":[{"embeddable":true,"href":"https:\/\/experiencingporto.com\/es\/wp-json\/wp\/v2\/media\/192"}],"wp:attachment":[{"href":"https:\/\/experiencingporto.com\/es\/wp-json\/wp\/v2\/media?parent=179"}],"curies":[{"name":"wp","href":"https:\/\/api.w.org\/{rel}","templated":true}]}}