{"id":122,"date":"2024-09-16T20:55:59","date_gmt":"2024-09-16T20:55:59","guid":{"rendered":"https:\/\/experiencingporto.com\/?page_id=122"},"modified":"2025-08-29T12:22:12","modified_gmt":"2025-08-29T12:22:12","slug":"equipe-experiencing-porto","status":"publish","type":"page","link":"https:\/\/experiencingporto.com\/es\/equipe-experiencing-porto\/","title":{"rendered":"Qui\u00e9nes est\u00e1n detr\u00e1s de Experiencing Porto"},"content":{"rendered":"<p class=\"\">La <strong>Experiencing Porto<\/strong> naci\u00f3 del deseo de transformar el turismo en Porto de Galinhas en algo m\u00e1s humano, aut\u00e9ntico y consciente. Detr\u00e1s del proyecto estamos nosotros, Renan y Mariana: un gu\u00eda nativo y una comunicadora apasionada por la curadur\u00eda de viajes. Juntos unimos conocimiento local y sensibilidad para crear itinerarios personalizados \ud83d\udc9a.<\/p>\n\n\n\n<h2 class=\"wp-block-heading\">Renan \u2013 Fundador y Gu\u00eda Local<\/h2>\n\n\n\n<figure class=\"wp-block-image size-large is-resized\"><img data-recalc-dims=\"1\" loading=\"lazy\" decoding=\"async\" width=\"1024\" height=\"575\" src=\"https:\/\/i0.wp.com\/experiencingporto.com\/wp-content\/uploads\/2025\/08\/WhatsApp-Image-2025-08-28-at-14.04.33-2.jpeg?resize=1024%2C575&#038;ssl=1\" alt=\"Guia de Porto de Galinhas\" class=\"wp-image-273\" style=\"width:559px;height:auto\" srcset=\"https:\/\/i0.wp.com\/experiencingporto.com\/wp-content\/uploads\/2025\/08\/WhatsApp-Image-2025-08-28-at-14.04.33-2.jpeg?resize=1024%2C575&amp;ssl=1 1024w, https:\/\/i0.wp.com\/experiencingporto.com\/wp-content\/uploads\/2025\/08\/WhatsApp-Image-2025-08-28-at-14.04.33-2.jpeg?resize=300%2C169&amp;ssl=1 300w, https:\/\/i0.wp.com\/experiencingporto.com\/wp-content\/uploads\/2025\/08\/WhatsApp-Image-2025-08-28-at-14.04.33-2.jpeg?resize=768%2C432&amp;ssl=1 768w, https:\/\/i0.wp.com\/experiencingporto.com\/wp-content\/uploads\/2025\/08\/WhatsApp-Image-2025-08-28-at-14.04.33-2.jpeg?resize=1536%2C863&amp;ssl=1 1536w, https:\/\/i0.wp.com\/experiencingporto.com\/wp-content\/uploads\/2025\/08\/WhatsApp-Image-2025-08-28-at-14.04.33-2.jpeg?w=1600&amp;ssl=1 1600w\" sizes=\"auto, (max-width: 1000px) 100vw, 1000px\" \/><\/figure>\n\n\n\n<p class=\"\"><strong>Renan<\/strong> Renan es nativo de Porto de Galinhas y bi\u00f3logo de formaci\u00f3n, con una profunda pasi\u00f3n por la naturaleza y la cultura local. Como Divemaster, <strong>gu\u00eda buceos <\/strong>tanto en arrecifes poco profundos como en naufragios m\u00e1s profundos de la regi\u00f3n de Pernambuco, acompa\u00f1ando desde principiantes hasta buceadores experimentados. Adem\u00e1s, es <strong>pescador submarino<\/strong> e praticante de mergulho em apneia, modalidades que refor\u00e7am sua conex\u00e3o com o mar.<\/p>\n\n\n\n<p class=\"\">Con 35 a\u00f1os de vivencia en Porto de Galinhas, desarroll\u00f3 una visi\u00f3n \u00fanica del destino al escuchar y aprender de los habitantes m\u00e1s antiguos, lo que influye directamente en su forma de guiar los recorridos, combinando <strong>conocimiento t\u00e9cnico, respeto ambiental y una mirada atenta hacia la cultura local. Su trabajo es ofrecer experiencias aut\u00e9nticas, seguras y personalizadas, mostrando a los visitantes las bellezas naturales y la historia de la regi\u00f3n con pasi\u00f3n y cuidado.<\/strong>. Seu trabalho \u00e9 oferecer experi\u00eancias aut\u00eanticas, seguras personalizadas, mostrando aos visitantes as belezas naturais e a hist\u00f3ria da regi\u00e3o com paix\u00e3o e cuidado.<\/p>\n\n\n\n<h2 class=\"wp-block-heading\">Mariana \u2013 Fundadora, Curadur\u00eda y Comunicaci\u00f3n<\/h2>\n\n\n\n<figure class=\"wp-block-image size-full is-resized\"><img data-recalc-dims=\"1\" loading=\"lazy\" decoding=\"async\" width=\"573\" height=\"650\" src=\"https:\/\/i0.wp.com\/experiencingporto.com\/wp-content\/uploads\/2025\/08\/image-13.png?resize=573%2C650&#038;ssl=1\" alt=\"Mariana Bardanca Experiencing Porto\" class=\"wp-image-276\" style=\"width:374px;height:auto\" srcset=\"https:\/\/i0.wp.com\/experiencingporto.com\/wp-content\/uploads\/2025\/08\/image-13.png?w=573&amp;ssl=1 573w, https:\/\/i0.wp.com\/experiencingporto.com\/wp-content\/uploads\/2025\/08\/image-13.png?resize=264%2C300&amp;ssl=1 264w\" sizes=\"auto, (max-width: 573px) 100vw, 573px\" \/><\/figure>\n\n\n\n<p class=\"\"><strong>Mariana<\/strong> es comunicadora, editora y apasionada por los viajes con prop\u00f3sito. Eligi\u00f3 vivir en Porto de Galinhas para estar cerca de la naturaleza y cultivar una vida m\u00e1s simple.<\/p>\n\n\n\n<p class=\"\">Es responsable por la planificaci\u00f3n de los itinerarios, la curadur\u00eda de las experiencias y el contacto con cada persona que nos busca. Tambi\u00e9n trabaja con revisi\u00f3n y producci\u00f3n de contenido, y aporta al proyecto una mirada atenta, organizada y sensible a las necesidades de cada viajero.<\/p>\n\n\n\n<h3 class=\"wp-block-heading\"><strong>\ud83d\udc9a Nuestro prop\u00f3sito<\/strong><\/h3>\n\n\n\n<ul class=\"wp-block-list\">\n<li class=\"\">Conectar a los visitantes&nbsp;<strong>con el Porto de Galinhas real,<\/strong>m\u00e1s all\u00e1 del turismo masivo.<\/li>\n\n\n\n<li class=\"\">Crear&nbsp;<strong>itinerarios personalizados<\/strong>&nbsp;que respeten el perfil de cada viajero.<\/li>\n\n\n\n<li class=\"\">Actuar con&nbsp;<strong>conciencia ambiental<\/strong>&nbsp;y valorizar a la comunidad local.<\/li>\n\n\n\n<li class=\"\">Cuidar cada detalle para que te lleves no solo recuerdos, sino historias para atesorar.<\/li>\n<\/ul>\n\n\n\n<div class=\"wp-block-buttons is-layout-flex wp-block-buttons-is-layout-flex\">\n<div class=\"wp-block-button\"><a class=\"wp-block-button__link wp-element-button\" href=\"https:\/\/wa.me\/message\/L6DO4T6ZZ7BFP1\">Conversa con nosotros por WhatsApp<\/a><\/div>\n<\/div>\n\n\n\n<p class=\"\"><\/p>","protected":false},"excerpt":{"rendered":"<p>A Experiencing Porto nasceu do desejo de transformar o turismo em Porto de Galinhas em algo mais humano, aut\u00eantico e consciente. Por tr\u00e1s do projeto estamos n\u00f3s, Renan e Mariana: um guia nativo e uma comunicadora apaixonada por curadoria de viagens. Juntos unimos conhecimento local e sensibilidade para criar roteiros personalizados &#x1f49a;. Renan \u2013 Fundador [&hellip;]<\/p>\n","protected":false},"author":1,"featured_media":0,"parent":0,"menu_order":0,"comment_status":"closed","ping_status":"closed","template":"","meta":{"nf_dc_page":"","om_disable_all_campaigns":false,"footnotes":""},"class_list":["post-122","page","type-page","status-publish","hentry"],"yoast_head":"<!-- This site is optimized with the Yoast SEO plugin v27.6 - https:\/\/yoast.com\/product\/yoast-seo-wordpress\/ -->\n<title>Guia de experi\u00eancias e curadoria local em Porto de Galinhas<\/title>\n<meta name=\"description\" content=\"Conhe\u00e7a a equipe da Experiencing Porto: Renan, bi\u00f3logo nativo de Porto de Galinhas, e Mariana, comunicadora uruguaia.\" \/>\n<meta name=\"robots\" content=\"index, follow, max-snippet:-1, max-image-preview:large, max-video-preview:-1\" \/>\n<link rel=\"canonical\" href=\"https:\/\/experiencingporto.com\/es\/equipe-experiencing-porto\/\" \/>\n<meta property=\"og:locale\" content=\"es_ES\" \/>\n<meta property=\"og:type\" content=\"article\" \/>\n<meta property=\"og:title\" content=\"Guia de experi\u00eancias e curadoria local em Porto de Galinhas\" \/>\n<meta property=\"og:description\" content=\"Conhe\u00e7a a equipe da Experiencing Porto: Renan, bi\u00f3logo nativo de Porto de Galinhas, e Mariana, comunicadora uruguaia.\" \/>\n<meta property=\"og:url\" content=\"https:\/\/experiencingporto.com\/es\/equipe-experiencing-porto\/\" \/>\n<meta property=\"og:site_name\" content=\"Experiencing Porto\" \/>\n<meta property=\"article:publisher\" content=\"https:\/\/www.facebook.com\/experiencingporto\/\" \/>\n<meta property=\"article:modified_time\" content=\"2025-08-29T12:22:12+00:00\" \/>\n<meta property=\"og:image\" content=\"https:\/\/experiencingporto.com\/wp-content\/uploads\/2025\/08\/WhatsApp-Image-2025-08-28-at-14.04.33-2-1024x575.jpeg\" \/>\n<meta name=\"twitter:card\" content=\"summary_large_image\" \/>\n<meta name=\"twitter:label1\" content=\"Est. reading time\" \/>\n\t<meta name=\"twitter:data1\" content=\"3 minutos\" \/>\n<script type=\"application\/ld+json\" class=\"yoast-schema-graph\">{\"@context\":\"https:\\\/\\\/schema.org\",\"@graph\":[{\"@type\":\"WebPage\",\"@id\":\"https:\\\/\\\/experiencingporto.com\\\/equipe-experiencing-porto\\\/\",\"url\":\"https:\\\/\\\/experiencingporto.com\\\/equipe-experiencing-porto\\\/\",\"name\":\"Guia de experi\u00eancias e curadoria local em Porto de Galinhas\",\"isPartOf\":{\"@id\":\"https:\\\/\\\/experiencingporto.com\\\/#website\"},\"primaryImageOfPage\":{\"@id\":\"https:\\\/\\\/experiencingporto.com\\\/equipe-experiencing-porto\\\/#primaryimage\"},\"image\":{\"@id\":\"https:\\\/\\\/experiencingporto.com\\\/equipe-experiencing-porto\\\/#primaryimage\"},\"thumbnailUrl\":\"https:\\\/\\\/experiencingporto.com\\\/wp-content\\\/uploads\\\/2025\\\/08\\\/WhatsApp-Image-2025-08-28-at-14.04.33-2-1024x575.jpeg\",\"datePublished\":\"2024-09-16T20:55:59+00:00\",\"dateModified\":\"2025-08-29T12:22:12+00:00\",\"description\":\"Conhe\u00e7a a equipe da Experiencing Porto: Renan, bi\u00f3logo nativo de Porto de Galinhas, e Mariana, comunicadora uruguaia.\",\"breadcrumb\":{\"@id\":\"https:\\\/\\\/experiencingporto.com\\\/equipe-experiencing-porto\\\/#breadcrumb\"},\"inLanguage\":\"es-UY\",\"potentialAction\":[{\"@type\":\"ReadAction\",\"target\":[\"https:\\\/\\\/experiencingporto.com\\\/equipe-experiencing-porto\\\/\"]}]},{\"@type\":\"ImageObject\",\"inLanguage\":\"es-UY\",\"@id\":\"https:\\\/\\\/experiencingporto.com\\\/equipe-experiencing-porto\\\/#primaryimage\",\"url\":\"https:\\\/\\\/experiencingporto.com\\\/wp-content\\\/uploads\\\/2025\\\/08\\\/WhatsApp-Image-2025-08-28-at-14.04.33-2-1024x575.jpeg\",\"contentUrl\":\"https:\\\/\\\/experiencingporto.com\\\/wp-content\\\/uploads\\\/2025\\\/08\\\/WhatsApp-Image-2025-08-28-at-14.04.33-2-1024x575.jpeg\"},{\"@type\":\"BreadcrumbList\",\"@id\":\"https:\\\/\\\/experiencingporto.com\\\/equipe-experiencing-porto\\\/#breadcrumb\",\"itemListElement\":[{\"@type\":\"ListItem\",\"position\":1,\"name\":\"In\u00edcio\",\"item\":\"https:\\\/\\\/experiencingporto.com\\\/\"},{\"@type\":\"ListItem\",\"position\":2,\"name\":\"Quem est\u00e1 por tr\u00e1s da Experiencing Porto\"}]},{\"@type\":\"WebSite\",\"@id\":\"https:\\\/\\\/experiencingporto.com\\\/#website\",\"url\":\"https:\\\/\\\/experiencingporto.com\\\/\",\"name\":\"Experiencing Porto\",\"description\":\"Guia de experi\u00eancias em Porto de Galinhas. Uno conhecimentos sobre biologia, mergulho e saberes nativos para oferecer os melhores roteiros neste para\u00edso. \",\"potentialAction\":[{\"@type\":\"SearchAction\",\"target\":{\"@type\":\"EntryPoint\",\"urlTemplate\":\"https:\\\/\\\/experiencingporto.com\\\/?s={search_term_string}\"},\"query-input\":{\"@type\":\"PropertyValueSpecification\",\"valueRequired\":true,\"valueName\":\"search_term_string\"}}],\"inLanguage\":\"es-UY\"}]}<\/script>\n<!-- \/ Yoast SEO plugin. -->","yoast_head_json":{"title":"Guia de experi\u00eancias e curadoria local em Porto de Galinhas","description":"Conhe\u00e7a a equipe da Experiencing Porto: Renan, bi\u00f3logo nativo de Porto de Galinhas, e Mariana, comunicadora uruguaia.","robots":{"index":"index","follow":"follow","max-snippet":"max-snippet:-1","max-image-preview":"max-image-preview:large","max-video-preview":"max-video-preview:-1"},"canonical":"https:\/\/experiencingporto.com\/es\/equipe-experiencing-porto\/","og_locale":"es_ES","og_type":"article","og_title":"Guia de experi\u00eancias e curadoria local em Porto de Galinhas","og_description":"Conhe\u00e7a a equipe da Experiencing Porto: Renan, bi\u00f3logo nativo de Porto de Galinhas, e Mariana, comunicadora uruguaia.","og_url":"https:\/\/experiencingporto.com\/es\/equipe-experiencing-porto\/","og_site_name":"Experiencing Porto","article_publisher":"https:\/\/www.facebook.com\/experiencingporto\/","article_modified_time":"2025-08-29T12:22:12+00:00","og_image":[{"url":"https:\/\/experiencingporto.com\/wp-content\/uploads\/2025\/08\/WhatsApp-Image-2025-08-28-at-14.04.33-2-1024x575.jpeg","type":"","width":"","height":""}],"twitter_card":"summary_large_image","twitter_misc":{"Est. reading time":"3 minutos"},"schema":{"@context":"https:\/\/schema.org","@graph":[{"@type":"WebPage","@id":"https:\/\/experiencingporto.com\/equipe-experiencing-porto\/","url":"https:\/\/experiencingporto.com\/equipe-experiencing-porto\/","name":"Guia de experi\u00eancias e curadoria local em Porto de Galinhas","isPartOf":{"@id":"https:\/\/experiencingporto.com\/#website"},"primaryImageOfPage":{"@id":"https:\/\/experiencingporto.com\/equipe-experiencing-porto\/#primaryimage"},"image":{"@id":"https:\/\/experiencingporto.com\/equipe-experiencing-porto\/#primaryimage"},"thumbnailUrl":"https:\/\/experiencingporto.com\/wp-content\/uploads\/2025\/08\/WhatsApp-Image-2025-08-28-at-14.04.33-2-1024x575.jpeg","datePublished":"2024-09-16T20:55:59+00:00","dateModified":"2025-08-29T12:22:12+00:00","description":"Conhe\u00e7a a equipe da Experiencing Porto: Renan, bi\u00f3logo nativo de Porto de Galinhas, e Mariana, comunicadora uruguaia.","breadcrumb":{"@id":"https:\/\/experiencingporto.com\/equipe-experiencing-porto\/#breadcrumb"},"inLanguage":"es-UY","potentialAction":[{"@type":"ReadAction","target":["https:\/\/experiencingporto.com\/equipe-experiencing-porto\/"]}]},{"@type":"ImageObject","inLanguage":"es-UY","@id":"https:\/\/experiencingporto.com\/equipe-experiencing-porto\/#primaryimage","url":"https:\/\/experiencingporto.com\/wp-content\/uploads\/2025\/08\/WhatsApp-Image-2025-08-28-at-14.04.33-2-1024x575.jpeg","contentUrl":"https:\/\/experiencingporto.com\/wp-content\/uploads\/2025\/08\/WhatsApp-Image-2025-08-28-at-14.04.33-2-1024x575.jpeg"},{"@type":"BreadcrumbList","@id":"https:\/\/experiencingporto.com\/equipe-experiencing-porto\/#breadcrumb","itemListElement":[{"@type":"ListItem","position":1,"name":"In\u00edcio","item":"https:\/\/experiencingporto.com\/"},{"@type":"ListItem","position":2,"name":"Quem est\u00e1 por tr\u00e1s da Experiencing Porto"}]},{"@type":"WebSite","@id":"https:\/\/experiencingporto.com\/#website","url":"https:\/\/experiencingporto.com\/","name":"Experiencing Porto","description":"Guia de experi\u00eancias em Porto de Galinhas. Uno conhecimentos sobre biologia, mergulho e saberes nativos para oferecer os melhores roteiros neste para\u00edso.","potentialAction":[{"@type":"SearchAction","target":{"@type":"EntryPoint","urlTemplate":"https:\/\/experiencingporto.com\/?s={search_term_string}"},"query-input":{"@type":"PropertyValueSpecification","valueRequired":true,"valueName":"search_term_string"}}],"inLanguage":"es-UY"}]}},"jetpack_sharing_enabled":true,"_links":{"self":[{"href":"https:\/\/experiencingporto.com\/es\/wp-json\/wp\/v2\/pages\/122","targetHints":{"allow":["GET"]}}],"collection":[{"href":"https:\/\/experiencingporto.com\/es\/wp-json\/wp\/v2\/pages"}],"about":[{"href":"https:\/\/experiencingporto.com\/es\/wp-json\/wp\/v2\/types\/page"}],"author":[{"embeddable":true,"href":"https:\/\/experiencingporto.com\/es\/wp-json\/wp\/v2\/users\/1"}],"replies":[{"embeddable":true,"href":"https:\/\/experiencingporto.com\/es\/wp-json\/wp\/v2\/comments?post=122"}],"version-history":[{"count":4,"href":"https:\/\/experiencingporto.com\/es\/wp-json\/wp\/v2\/pages\/122\/revisions"}],"predecessor-version":[{"id":277,"href":"https:\/\/experiencingporto.com\/es\/wp-json\/wp\/v2\/pages\/122\/revisions\/277"}],"wp:attachment":[{"href":"https:\/\/experiencingporto.com\/es\/wp-json\/wp\/v2\/media?parent=122"}],"curies":[{"name":"wp","href":"https:\/\/api.w.org\/{rel}","templated":true}]}}